{"id":3879,"date":"2025-11-24T10:19:34","date_gmt":"2025-11-24T09:19:34","guid":{"rendered":"http:\/\/loopweb.org\/aviso-legal\/"},"modified":"2026-01-16T13:05:41","modified_gmt":"2026-01-16T12:05:41","slug":"aviso-legal","status":"publish","type":"page","link":"https:\/\/loopweb.org\/es\/aviso-legal\/","title":{"rendered":"Aviso legal"},"content":{"rendered":"\n<h2 class=\"wp-block-heading\"><strong>T\u00e9rminos y condiciones generales de uso del portal www.loopweb.org<\/strong><\/h2>\n\n<p>El proyecto LOOPWEB informa a los usuarios de que el acceso y uso del <a href=\"http:\/\/www.loopweb.org\">www.loopweb.org<\/a> del sitio web, as\u00ed como de todos los subdominios y directorios incluidos en \u00e9l (en adelante denominados colectivamente el Portal), est\u00e1n sujetos a los t\u00e9rminos y condiciones establecidos en este Aviso Legal, sin perjuicio de que el acceso a ciertos servicios o contenidos pueda requerir la aceptaci\u00f3n de t\u00e9rminos y condiciones espec\u00edficos adicionales.<\/p>\n\n<p>El Portal es gestionado principalmente por investigadores afiliados al Consejo Nacional de Investigaci\u00f3n Cient\u00edfica (CSIC), en el marco de actividades de investigaci\u00f3n, difusi\u00f3n y colaboraci\u00f3n cient\u00edfica.<\/p>\n\n<p>LOOPWEB se reserva el derecho de realizar cambios en el Portal sin previo aviso, para actualizar, corregir, modificar, a\u00f1adir o eliminar contenido o elementos de dise\u00f1o. Dado que las actualizaciones de informaci\u00f3n no son necesariamente instant\u00e1neas, se recomienda a los usuarios comprobar peri\u00f3dicamente la validez y exactitud de la informaci\u00f3n, los servicios y los contenidos mostrados. Del mismo modo, los t\u00e9rminos y condiciones establecidos en este Aviso Legal pueden ser modificados; por lo tanto, se anima a los usuarios a revisarlos en cada visita al Portal.  <\/p>\n\n<p>LOOPWEB no se hace responsable de ning\u00fan da\u00f1o que pueda derivarse del uso de las herramientas e informaci\u00f3n contenidas en el <a href=\"http:\/\/www.loopweb.org\">sitio web www.loopweb.org<\/a>, especialmente en lo que respecta a los procesos de toma de decisiones relacionados con procedimientos administrativos, cient\u00edficos, t\u00e9cnicos o institucionales. Estas decisiones deben ser siempre verificadas ante las autoridades, instituciones u organizaciones competentes. Bajo ninguna circunstancia se podr\u00e1 invocar la informaci\u00f3n o el contenido de este sitio web en caso de discrepancias con la informaci\u00f3n publicada por organismos p\u00fablicos oficiales. LOOPWEB no ser\u00e1 responsable de cualquier diferencia que pueda existir entre los documentos oficiales y la informaci\u00f3n publicada electr\u00f3nicamente en el Portal.   <\/p>\n\n<div style=\"height:30px\" aria-hidden=\"true\" class=\"wp-block-spacer\"><\/div>\n\n<h2 class=\"wp-block-heading\"><strong>Derechos de Propiedad Intelectual e Industrial<\/strong><\/h2>\n\n<p>El dise\u00f1o del Portal, su c\u00f3digo fuente y los logotipos, marcas registradas y otros signos distintivos que en \u00e9l se muestran son propiedad de LOOPWEB, CSIC o entidades colaboradoras, y est\u00e1n protegidos por la legislaci\u00f3n aplicable sobre propiedad intelectual e industrial.  <\/p>\n\n<p>Salvo que se indique expresamente lo contrario, la informaci\u00f3n disponible en este sitio web est\u00e1 sujeta a reutilizaci\u00f3n. La reproducci\u00f3n total o parcial, modificaci\u00f3n, distribuci\u00f3n y comunicaci\u00f3n p\u00fablica est\u00e1n autorizadas tanto para fines comerciales como no comerciales, siempre que se cumplan las siguientes condiciones: <\/p>\n\n<ul class=\"wp-block-list\">\n<li>El contenido no debe ser alterado ni manipulado de una manera que distorsione su significado original.<\/li>\n\n\n\n<li>La fuente de los documentos reutilizados debe ser citada claramente.<\/li>\n\n\n\n<li>Debe indicarse la fecha de la \u00faltima actualizaci\u00f3n de los documentos reutilizados.<\/li>\n<\/ul>\n\n<p>LOOPWEB declara su respeto a los derechos de propiedad intelectual e industrial de terceros. Si crees que alg\u00fan contenido de este sitio web infringe tus derechos, por favor contacta con el administrador del sitio en la direcci\u00f3n de correo electr\u00f3nico indicada a continuaci\u00f3n. <\/p>\n\n<div style=\"height:30px\" aria-hidden=\"true\" class=\"wp-block-spacer\"><\/div>\n\n<h2 class=\"wp-block-heading\"><strong>Enlaces o hiperv\u00ednculos<\/strong><\/h2>\n\n<p>Los usuarios que deseen establecer un hiperv\u00ednculo desde su sitio web hacia el Portal LOOPWEB deben cumplir las siguientes condiciones:<\/p>\n\n<p>El establecimiento de un hiperv\u00ednculo no implica la existencia de ninguna relaci\u00f3n entre LOOPWEB y el propietario del sitio web enlazado, ni la aceptaci\u00f3n o aprobaci\u00f3n de sus contenidos o servicios.<\/p>\n\n<p>El sitio web enlazado no puede indicar ni implicar que LOOPWEB haya autorizado, supervisado o verificado sus contenidos o servicios.<\/p>\n\n<p>LOOPWEB no ser\u00e1 responsable por el contenido, servicios, precisi\u00f3n, legalidad o fiabilidad de sitios web de terceros accedidos mediante hiperv\u00ednculos.<\/p>\n\n<p>El sitio web que establezca el hiperv\u00ednculo no debe contener contenido ilegal, contenido contrario a los est\u00e1ndares morales generalmente aceptados, ni contenido que infrinja los derechos de terceros.<\/p>\n\n<p>El sitio web que establece el hiperv\u00ednculo no debe incluir marcas registradas, nombres, logotipos u otros signos distintivos pertenecientes a LOOPWEB, CSIC o entidades colaboradoras, salvo cuando sea estrictamente necesario para identificar el hiperv\u00ednculo.<\/p>\n\n<div style=\"height:30px\" aria-hidden=\"true\" class=\"wp-block-spacer\"><\/div>\n\n<h2 class=\"wp-block-heading\"><strong>Marcos<\/strong><\/h2>\n\n<p>LOOPWEB proh\u00edbe expresamente el uso de \u00abmarcos\u00bb u otros mecanismos por parte de terceros que alteren el dise\u00f1o, configuraci\u00f3n o contenido original del Portal.<\/p>\n\n<div style=\"height:30px\" aria-hidden=\"true\" class=\"wp-block-spacer\"><\/div>\n\n<h2 class=\"wp-block-heading\"><strong>Pol\u00edtica de privacidad<\/strong><\/h2>\n\n<p>De acuerdo con el Reglamento (UE) 2016\/679 (Reglamento General de Protecci\u00f3n de Datos \u2013 RGPD) y la Ley Org\u00e1nica Espa\u00f1ola 3\/2018 sobre la Protecci\u00f3n de Datos Personales y la Garant\u00eda de Derechos Digitales (LOPDGDD), se informa a los usuarios de que este sitio web no recopila, almacena ni procesa datos personales de los visitantes.<\/p>\n\n<p>El Portal no utiliza formularios de contacto, cookies de seguimiento, herramientas de an\u00e1lisis web ni ning\u00fan otro mecanismo que permita la identificaci\u00f3n o recopilaci\u00f3n de informaci\u00f3n personal.<\/p>\n\n<p>Para cualquier pregunta relacionada con esta pol\u00edtica de privacidad, los usuarios pueden contactar con el administrador del sitio en: <a href=\"mailto:camarero@ceab.csic.es\">camarero@ceab.csic.es<\/a> o <a href=\"mailto:lluis.gomez@idaea.csic.es\">lluis.gomez@idaea.csic.es<\/a>.<\/p>\n\n<div style=\"height:30px\" aria-hidden=\"true\" class=\"wp-block-spacer\"><\/div>\n\n<h2 class=\"wp-block-heading\"><strong>Derecho aplicable y jurisdicci\u00f3n<\/strong><\/h2>\n\n<p>La legislaci\u00f3n aplicable que riga este Aviso Legal y cualquier disputa derivada de su interpretaci\u00f3n o aplicaci\u00f3n ser\u00e1 ley espa\u00f1ola.<\/p>\n\n<p>Para la resoluci\u00f3n de cualquier disputa que pueda surgir por el acceso o uso del Portal, LOOPWEB y el usuario acuerdan expresamente someterse a los tribunales y tribunales del lugar de residencia del usuario, siempre que se encuentre dentro del territorio espa\u00f1ol.<\/p>\n\n<p><\/p>\n","protected":false},"excerpt":{"rendered":"<p>T\u00e9rminos y condiciones generales de uso del portal www.loopweb.org El proyecto LOOPWEB informa a los usuarios de que el acceso y uso del www.loopweb.org del sitio web, as\u00ed como de todos los subdominios y directorios incluidos en \u00e9l (en adelante denominados colectivamente el Portal), est\u00e1n sujetos a los t\u00e9rminos y condiciones establecidos en este Aviso [&hellip;]<\/p>\n","protected":false},"author":1,"featured_media":0,"parent":0,"menu_order":0,"comment_status":"closed","ping_status":"closed","template":"","meta":{"footnotes":""},"class_list":["post-3879","page","type-page","status-publish","hentry"],"_links":{"self":[{"href":"https:\/\/loopweb.org\/es\/wp-json\/wp\/v2\/pages\/3879","targetHints":{"allow":["GET"]}}],"collection":[{"href":"https:\/\/loopweb.org\/es\/wp-json\/wp\/v2\/pages"}],"about":[{"href":"https:\/\/loopweb.org\/es\/wp-json\/wp\/v2\/types\/page"}],"author":[{"embeddable":true,"href":"https:\/\/loopweb.org\/es\/wp-json\/wp\/v2\/users\/1"}],"replies":[{"embeddable":true,"href":"https:\/\/loopweb.org\/es\/wp-json\/wp\/v2\/comments?post=3879"}],"version-history":[{"count":1,"href":"https:\/\/loopweb.org\/es\/wp-json\/wp\/v2\/pages\/3879\/revisions"}],"predecessor-version":[{"id":3880,"href":"https:\/\/loopweb.org\/es\/wp-json\/wp\/v2\/pages\/3879\/revisions\/3880"}],"wp:attachment":[{"href":"https:\/\/loopweb.org\/es\/wp-json\/wp\/v2\/media?parent=3879"}],"curies":[{"name":"wp","href":"https:\/\/api.w.org\/{rel}","templated":true}]}}