{"id":3403,"date":"2025-12-04T16:49:39","date_gmt":"2025-12-04T15:49:39","guid":{"rendered":"http:\/\/loopweb.org\/bucle-breve\/"},"modified":"2026-01-16T13:00:56","modified_gmt":"2026-01-16T12:00:56","slug":"loop-resumidamente","status":"publish","type":"page","link":"https:\/\/loopweb.org\/es\/loop-resumidamente\/","title":{"rendered":"Loop resumidamente"},"content":{"rendered":"\t\t<div data-elementor-type=\"wp-page\" data-elementor-id=\"3403\" class=\"elementor elementor-3403 elementor-1200\" data-elementor-post-type=\"page\">\n\t\t\t\t<div class=\"elementor-element elementor-element-4b92d73 e-flex e-con-boxed e-con e-parent\" data-id=\"4b92d73\" data-element_type=\"container\" data-settings=\"{&quot;background_background&quot;:&quot;classic&quot;}\">\n\t\t\t\t\t<div class=\"e-con-inner\">\n\t\t<div class=\"elementor-element elementor-element-3265dc5 e-con-full e-flex e-con e-child\" data-id=\"3265dc5\" data-element_type=\"container\">\n\t\t\t\t<div class=\"elementor-element elementor-element-753be74 elementor-widget elementor-widget-heading\" data-id=\"753be74\" data-element_type=\"widget\" data-widget_type=\"heading.default\">\n\t\t\t\t\t<h2 class=\"elementor-heading-title elementor-size-default\">El Observatorio Limnol\u00f3gico de los Pirineos (LOOP) es una iniciativa conjunta entre la Universidad de Barcelona (UB), el Centro de Investigaci\u00f3n Ecol\u00f3gica y Aplicaciones Forestales (CREAF), el Centro Blanes de Estudios Avanzados (CEAB-CSIC) y el Instituto de Diagn\u00f3stico Ambiental y Estudios del Agua (IDAEA-CSIC), que investiga c\u00f3mo responden las aguas dulces de monta\u00f1a en los Pirineos al cambio ambiental global y sus impactos en el \u00e1mbito hidrol\u00f3gico  procesos ecol\u00f3gicos y biogeoqu\u00edmicos.<\/h2>\t\t\t\t<\/div>\n\t\t\t\t<div class=\"elementor-element elementor-element-57b45f6 elementor-widget elementor-widget-text-editor\" data-id=\"57b45f6\" data-element_type=\"widget\" data-widget_type=\"text-editor.default\">\n\t\t\t\t\t\t\t\t\t<p><span class=\"il\">El LOOP<\/span> gestiona una instalaci\u00f3n cient\u00edfica de observaci\u00f3n en los Pirineos Centrales, cerca del Parque Nacional Aig\u00fcestortes i Estany de Sant Maurici. La infraestructura incluye una estaci\u00f3n de campo y varias cuencas experimentales instrumentadas equipadas con estaciones meteorol\u00f3gicas autom\u00e1ticas, medidores de caudal y piez\u00f3metros de aguas subterr\u00e1neas. En lagos, r\u00edos y zonas de aguas subterr\u00e1neas, <strong>las plataformas multisensores permiten un monitoreo continuo y de alta resoluci\u00f3n de las propiedades f\u00edsicas y biogeoqu\u00edmicas.<\/strong> Adem\u00e1s, <strong>se visita regularmente una red de estaciones de muestreo<\/strong> para recoger muestras qu\u00edmicas y biol\u00f3gicas a frecuencias que van desde quincenales hasta estacionales. Actualmente, la red de muestreo abarca ocho arroyos, catorce lagos y dos colectores de dep\u00f3sitos atmosf\u00e9ricos para la qu\u00edmica del agua, as\u00ed como cuatro arroyos y un lago para monitorizaci\u00f3n biol\u00f3gica.   <\/p><p><strong>El monitoreo limnol\u00f3gico m\u00e1s detallado se realiza en el lago Redon<\/strong>, donde se toma muestras mensuales de la columna de agua a varias profundidades para determinaciones qu\u00edmicas y biol\u00f3gicas. En la orilla del lago se instal\u00f3 una peque\u00f1a caba\u00f1a con laboratorio, dormitorio y cocina para facilitar el trabajo de campo y la experimentaci\u00f3n in situ. Adem\u00e1s de la monitorizaci\u00f3n en el lugar, <strong>realizamos encuestas sin\u00f3pticas en toda la cordillera pirenaica <\/strong><strong>a intervalos decenales<\/strong>. Este trabajo tiene como objetivo recopilar series de datos a largo plazo sobre aguas superficiales como indicadores de los procesos ecol\u00f3gicos y biogeoqu\u00edmicos que ocurren en las cuencas pirenaicas y sus respuestas al cambio ambiental global. <strong>Tambi\u00e9n llevamos a cabo proyectos de investigaci\u00f3n a corto plazo<\/strong> (entre 1 y 5 a\u00f1os) que se benefician del marco de datos, m\u00e9todos e instalaciones proporcionados por la monitorizaci\u00f3n. Estos proyectos incluyen estudios paleolimnol\u00f3gicos que extienden nuestra serie de datos muchos a\u00f1os atr\u00e1s. En conjunto, estas actividades constituyen nuestro programa de investigaci\u00f3n ecol\u00f3gica a largo plazo     <\/p>\t\t\t\t\t\t\t\t<\/div>\n\t\t\t\t<\/div>\n\t\t\t\t\t<\/div>\n\t\t\t\t<\/div>\n\t\t\t\t<\/div>\n\t\t","protected":false},"excerpt":{"rendered":"<p>El Observatorio Limnol\u00f3gico de los Pirineos (LOOP) es una iniciativa conjunta entre la Universidad de Barcelona (UB), el Centro de Investigaci\u00f3n Ecol\u00f3gica y Aplicaciones Forestales (CREAF), el Centro Blanes de Estudios Avanzados (CEAB-CSIC) y el Instituto de Diagn\u00f3stico Ambiental y Estudios del Agua (IDAEA-CSIC), que investiga c\u00f3mo responden las aguas dulces de monta\u00f1a en los [&hellip;]<\/p>\n","protected":false},"author":2,"featured_media":1468,"parent":0,"menu_order":0,"comment_status":"closed","ping_status":"closed","template":"","meta":{"footnotes":""},"class_list":["post-3403","page","type-page","status-publish","has-post-thumbnail","hentry"],"_links":{"self":[{"href":"https:\/\/loopweb.org\/es\/wp-json\/wp\/v2\/pages\/3403","targetHints":{"allow":["GET"]}}],"collection":[{"href":"https:\/\/loopweb.org\/es\/wp-json\/wp\/v2\/pages"}],"about":[{"href":"https:\/\/loopweb.org\/es\/wp-json\/wp\/v2\/types\/page"}],"author":[{"embeddable":true,"href":"https:\/\/loopweb.org\/es\/wp-json\/wp\/v2\/users\/2"}],"replies":[{"embeddable":true,"href":"https:\/\/loopweb.org\/es\/wp-json\/wp\/v2\/comments?post=3403"}],"version-history":[{"count":3,"href":"https:\/\/loopweb.org\/es\/wp-json\/wp\/v2\/pages\/3403\/revisions"}],"predecessor-version":[{"id":3448,"href":"https:\/\/loopweb.org\/es\/wp-json\/wp\/v2\/pages\/3403\/revisions\/3448"}],"wp:featuredmedia":[{"embeddable":true,"href":"https:\/\/loopweb.org\/es\/wp-json\/wp\/v2\/media\/1468"}],"wp:attachment":[{"href":"https:\/\/loopweb.org\/es\/wp-json\/wp\/v2\/media?parent=3403"}],"curies":[{"name":"wp","href":"https:\/\/api.w.org\/{rel}","templated":true}]}}