{"id":3397,"date":"2025-12-05T10:17:04","date_gmt":"2025-12-05T09:17:04","guid":{"rendered":"http:\/\/loopweb.org\/historia\/"},"modified":"2026-01-21T11:22:16","modified_gmt":"2026-01-21T10:22:16","slug":"historia","status":"publish","type":"page","link":"https:\/\/loopweb.org\/es\/historia\/","title":{"rendered":"Historia"},"content":{"rendered":"\t\t<div data-elementor-type=\"wp-page\" data-elementor-id=\"3397\" class=\"elementor elementor-3397 elementor-1219\" data-elementor-post-type=\"page\">\n\t\t\t\t<div class=\"elementor-element elementor-element-5fba0b6 e-flex e-con-boxed e-con e-parent\" data-id=\"5fba0b6\" data-element_type=\"container\" data-settings=\"{&quot;background_background&quot;:&quot;classic&quot;}\">\n\t\t\t\t\t<div class=\"e-con-inner\">\n\t\t<div class=\"elementor-element elementor-element-2547252 e-con-full e-flex e-con e-child\" data-id=\"2547252\" data-element_type=\"container\">\n\t\t\t\t<div class=\"elementor-element elementor-element-9f5a129 elementor-widget elementor-widget-heading\" data-id=\"9f5a129\" data-element_type=\"widget\" data-widget_type=\"heading.default\">\n\t\t\t\t\t<h2 class=\"elementor-heading-title elementor-size-default\">Or\u00edgenes<\/h2>\t\t\t\t<\/div>\n\t\t\t\t<div class=\"elementor-element elementor-element-8a88e3e elementor-widget elementor-widget-heading\" data-id=\"8a88e3e\" data-element_type=\"widget\" data-widget_type=\"heading.default\">\n\t\t\t\t\t<h2 class=\"elementor-heading-title elementor-size-default\">El antecedente directo del LOOP ha sido el Centro de Investigaci\u00f3n de Alta Monta\u00f1a (CRAM) de la Universidad de Barcelona, que fue inaugurado en 1984 por el profesor Ramon Margalef.<\/h2>\t\t\t\t<\/div>\n\t\t\t\t<div class=\"elementor-element elementor-element-26691f1 elementor-widget elementor-widget-text-editor\" data-id=\"26691f1\" data-element_type=\"widget\" data-widget_type=\"text-editor.default\">\n\t\t\t\t\t\t\t\t\t<p>Desde tiempos anteriores, el profesor Margalef ha estimulado e inspirado el trabajo limnol\u00f3gico en los Pirineos. En la d\u00e9cada de 1950 public\u00f3 sus primeros estudios sobre plancton de lagos pirenaicos. En 1975, \u00e9l y sus estudiantes realizaron el primer estudio limnol\u00f3gico extenso en los Pirineos. Capturaron m\u00e1s de 30 lagos para qu\u00edmica y biolog\u00eda, e involucraron a clubes de monta\u00f1ismo en la toma de muestras de plancton en un mayor n\u00famero de lagos durante sus excursiones deportivas, en una experiencia temprana de ciencia ciudadana.   <br><br>El CRAM est\u00e1 situado en el Val d&#8217;Aran (Pirineos Centrales) a 1600 m sobre el nivel del mar, y originalmente estaba destinado a ser una instalaci\u00f3n para estudios de campo sobre la limnolog\u00eda de los Pirineos. Asumi\u00f3 la direcci\u00f3n en limnolog\u00eda pirenaica del laboratorio de Or\u00e8don de la Universidad de Toulouse, en el macizo de N\u00e9ouvielle, que hab\u00eda estado muy activo durante las d\u00e9cadas de 1960 y 1970. Grupos que trabajan en los campos de glaciolog\u00eda, geolog\u00eda, bot\u00e1nica y zoolog\u00eda se unieron posteriormente al CRAM, aunque el trabajo limnol\u00f3gico ha permanecido como la actividad principal.    <br><br>Desde 2002, el CRAM es la base de un equipo de una Unidad de Investigaci\u00f3n Mixta, el Grupo de Limnolog\u00eda, compuesto por investigadores de la Universidad de Barcelona (UB) y del Consejo Espa\u00f1ol de Ciencias (CSIC), que forman el n\u00facleo del personal de LOOP.<\/p>\t\t\t\t\t\t\t\t<\/div>\n\t\t\t\t<\/div>\n\t\t\t\t<div class=\"elementor-element elementor-element-881fd92 elementor-widget elementor-widget-image\" data-id=\"881fd92\" data-element_type=\"widget\" data-widget_type=\"image.default\">\n\t\t\t\t\t\t\t\t\t\t\t\t\t\t\t<img fetchpriority=\"high\" decoding=\"async\" width=\"362\" height=\"250\" src=\"https:\/\/loopweb.org\/wp-content\/uploads\/LoopWeb-Early-days.jpg\" class=\"attachment-large size-large wp-image-3141\" alt=\"\" \/>\t\t\t\t\t\t\t\t\t\t\t\t\t\t\t<\/div>\n\t\t\t\t\t<\/div>\n\t\t\t\t<\/div>\n\t\t<div class=\"elementor-element elementor-element-3902459 e-flex e-con-boxed e-con e-parent\" data-id=\"3902459\" data-element_type=\"container\" data-settings=\"{&quot;background_background&quot;:&quot;classic&quot;}\">\n\t\t\t\t\t<div class=\"e-con-inner\">\n\t\t\t\t<div class=\"elementor-element elementor-element-e6383e9 elementor-widget elementor-widget-heading\" data-id=\"e6383e9\" data-element_type=\"widget\" data-widget_type=\"heading.default\">\n\t\t\t\t\t<h2 class=\"elementor-heading-title elementor-size-default\">L\u00ednea de tiempo<\/h2>\t\t\t\t<\/div>\n\t\t\t\t<div class=\"elementor-element elementor-element-d5819d6 elementor-widget elementor-widget-spacer\" data-id=\"d5819d6\" data-element_type=\"widget\" data-widget_type=\"spacer.default\">\n\t\t\t\t\t\t\t<div class=\"elementor-spacer\">\n\t\t\t<div class=\"elementor-spacer-inner\"><\/div>\n\t\t<\/div>\n\t\t\t\t\t\t<\/div>\n\t\t\t\t<div class=\"elementor-element elementor-element-83946ac elementor-flip-box--effect-fade elementor-widget__width-initial elementor-widget elementor-widget-flip-box\" data-id=\"83946ac\" data-element_type=\"widget\" data-widget_type=\"flip-box.default\">\n\t\t\t\t\t\t\t<div class=\"elementor-flip-box\" tabindex=\"0\">\n\t\t\t<div class=\"elementor-flip-box__layer elementor-flip-box__front\">\n\t\t\t\t<div class=\"elementor-flip-box__layer__overlay\">\n\t\t\t\t\t<div class=\"elementor-flip-box__layer__inner\">\n\t\t\t\t\t\t\n\t\t\t\t\t\t\t\t\t\t\t\t\t<h3 class=\"elementor-flip-box__layer__title\">\n\t\t\t\t\t\t\t\tPrimeros a\u00f1os (1983 - 1989)\t\t\t\t\t\t\t<\/h3>\n\t\t\t\t\t\t\n\t\t\t\t\t\t\t\t\t\t\t\t\t<div class=\"elementor-flip-box__layer__description\">\n\t\t\t\t\t\t\t\tLas primeras actividades relacionadas con la biogeoqu\u00edmica ambiental de las aguas superficiales en el CRAM comenzaron en 1984 en el lago Redon (llamado Red\u00f3 antes de la revisi\u00f3n de la toponimia oficial para restaurar los nombres locales a finales de los a\u00f1os 90).\t\t\t\t\t\t\t<\/div>\n\t\t\t\t\t\t\t\t\t\t\t<\/div>\n\t\t\t\t<\/div>\n\t\t\t<\/div>\n\t\t\t<div class=\"elementor-flip-box__layer elementor-flip-box__back\">\n\t\t\t<div class=\"elementor-flip-box__layer__overlay\">\n\t\t\t\t<div class=\"elementor-flip-box__layer__inner\">\n\t\t\t\t\t\t\t\t\t\t\t<h3 class=\"elementor-flip-box__layer__title\">\n\t\t\t\t\t\t\tPrimeros a\u00f1os (1983 - 1989)\t\t\t\t\t\t<\/h3>\n\t\t\t\t\t\n\t\t\t\t\t\t\t\t\t\t\t<div class=\"elementor-flip-box__layer__description\">\n\t\t\t\t\t\t\tLas primeras actividades relacionadas con la biogeoqu\u00edmica ambiental de las aguas superficiales en el CRAM comenzaron en 1984 en el lago Redon (llamado Red\u00f3 antes de la revisi\u00f3n de la toponimia oficial para restaurar los nombres locales a finales de los a\u00f1os 90). Consist\u00edan en un seguimiento de dos a\u00f1os de la qu\u00edmica y las poblaciones planct\u00f3nicas del lago. Este proporcion\u00f3 el conjunto de datos utilizado en la tesis doctoral de Jordi Catalan, supervisada por el profesor Margalef, que fue la primera de una serie de tesis sobre la limnolog\u00eda din\u00e1mica pirenaica que se extiende hasta la actualidad. En 1986 se realiz\u00f3 un estudio de la qu\u00edmica del agua de 100 lagos en los Pirineos Espa\u00f1oles Central y Oriental, paralelamente al estudio de las poblaciones de macr\u00f3fitas y la flora epil\u00edtica litoral de diatomeas como indicadores de la calidad del agua. Simult\u00e1neamente (periodo 1986-87), se estudi\u00f3 la qu\u00edmica de la deposici\u00f3n atmosf\u00e9rica en cuatro estaciones de muestreo a gran altitud situadas en la misma zona.    \t\t\t\t\t\t<\/div>\n\t\t\t\t\t\n\t\t\t\t\t\t\t\t<\/div>\n\t\t<\/div>\n\t\t<\/div>\n\t\t<\/div>\n\t\t\t\t\t\t<\/div>\n\t\t\t\t<div class=\"elementor-element elementor-element-6ec7e56 elementor-flip-box--effect-fade elementor-widget__width-initial elementor-widget elementor-widget-flip-box\" data-id=\"6ec7e56\" data-element_type=\"widget\" data-widget_type=\"flip-box.default\">\n\t\t\t\t\t\t\t<div class=\"elementor-flip-box\" tabindex=\"0\">\n\t\t\t<div class=\"elementor-flip-box__layer elementor-flip-box__front\">\n\t\t\t\t<div class=\"elementor-flip-box__layer__overlay\">\n\t\t\t\t\t<div class=\"elementor-flip-box__layer__inner\">\n\t\t\t\t\t\t\n\t\t\t\t\t\t\t\t\t\t\t\t\t<h3 class=\"elementor-flip-box__layer__title\">\n\t\t\t\t\t\t\t\tNetworking a lo largo de Europa (a\u00f1os 90)\t\t\t\t\t\t\t<\/h3>\n\t\t\t\t\t\t\n\t\t\t\t\t\t\t\t\t\t\t\t\t<div class=\"elementor-flip-box__layer__description\">\n\t\t\t\t\t\t\t\tA principios de los a\u00f1os 90, los investigadores de CRAM se convirtieron en miembros de un consorcio de equipos europeos que participaban en varios proyectos financiados por la UE.\t\t\t\t\t\t\t<\/div>\n\t\t\t\t\t\t\t\t\t\t\t<\/div>\n\t\t\t\t<\/div>\n\t\t\t<\/div>\n\t\t\t<div class=\"elementor-flip-box__layer elementor-flip-box__back\">\n\t\t\t<div class=\"elementor-flip-box__layer__overlay\">\n\t\t\t\t<div class=\"elementor-flip-box__layer__inner\">\n\t\t\t\t\t\t\t\t\t\t\t<h3 class=\"elementor-flip-box__layer__title\">\n\t\t\t\t\t\t\tNetworking a lo largo de Europa (a\u00f1os 90)\t\t\t\t\t\t<\/h3>\n\t\t\t\t\t\n\t\t\t\t\t\t\t\t\t\t\t<div class=\"elementor-flip-box__layer__description\">\n\t\t\t\t\t\t\tA principios de los a\u00f1os 90, los investigadores de CRAM se convirtieron en miembros de un consorcio de equipos europeos que participaban en varios proyectos financiados por la UE. En este marco se inici\u00f3 una l\u00ednea de investigaci\u00f3n que relacionaba la din\u00e1mica limnol\u00f3gica con el forcamiento clim\u00e1tico y de la contaminaci\u00f3n, con el fin de desarrollar el concepto de lagos de alta monta\u00f1a como sistemas de alerta temprana del cambio global. Con este objetivo, en 1996 se construy\u00f3 una peque\u00f1a estaci\u00f3n de campo en la orilla del lago Redon, sustituyendo a una antigua caba\u00f1a de almacenamiento que se hab\u00eda instalado previamente. La estaci\u00f3n de campo estaba equipada con una estaci\u00f3n meteorol\u00f3gica autom\u00e1tica, un registrador de nivel de agua y un laboratorio de campo con el objetivo de registrar par\u00e1metros hidrol\u00f3gicos, meteorol\u00f3gicos y limnol\u00f3gicos relevantes para el monitoreo ambiental. En estrecha relaci\u00f3n con esta l\u00ednea de investigaci\u00f3n, tambi\u00e9n se iniciaron estudios paleolimnol\u00f3gicos para reconstruir la historia ambiental de los lagos pirenaicos.    \t\t\t\t\t\t<\/div>\n\t\t\t\t\t\n\t\t\t\t\t\t\t\t<\/div>\n\t\t<\/div>\n\t\t<\/div>\n\t\t<\/div>\n\t\t\t\t\t\t<\/div>\n\t\t\t\t<div class=\"elementor-element elementor-element-ee77f9b elementor-flip-box--effect-fade elementor-widget__width-initial elementor-widget elementor-widget-flip-box\" data-id=\"ee77f9b\" data-element_type=\"widget\" data-widget_type=\"flip-box.default\">\n\t\t\t\t\t\t\t<div class=\"elementor-flip-box\" tabindex=\"0\">\n\t\t\t<div class=\"elementor-flip-box__layer elementor-flip-box__front\">\n\t\t\t\t<div class=\"elementor-flip-box__layer__overlay\">\n\t\t\t\t\t<div class=\"elementor-flip-box__layer__inner\">\n\t\t\t\t\t\t\n\t\t\t\t\t\t\t\t\t\t\t\t\t<h3 class=\"elementor-flip-box__layer__title\">\n\t\t\t\t\t\t\t\tMonitorizaci\u00f3n LOOP cristaliza (a\u00f1os 2000)\t\t\t\t\t\t\t<\/h3>\n\t\t\t\t\t\t\n\t\t\t\t\t\t\t\t\t\t\t\t\t<div class=\"elementor-flip-box__layer__description\">\n\t\t\t\t\t\t\t\tA principios de los 2000, se estableci\u00f3 el monitoreo a largo plazo de los Pirineos. El equipo se reorganiz\u00f3 como LOOP dentro de CEAB-CSIC, reconocido formalmente como una Instalaci\u00f3n de Observaci\u00f3n. \t\t\t\t\t\t\t<\/div>\n\t\t\t\t\t\t\t\t\t\t\t<\/div>\n\t\t\t\t<\/div>\n\t\t\t<\/div>\n\t\t\t<div class=\"elementor-flip-box__layer elementor-flip-box__back\">\n\t\t\t<div class=\"elementor-flip-box__layer__overlay\">\n\t\t\t\t<div class=\"elementor-flip-box__layer__inner\">\n\t\t\t\t\t\t\t\t\t\t\t<h3 class=\"elementor-flip-box__layer__title\">\n\t\t\t\t\t\t\tMonitorizaci\u00f3n LOOP cristaliza (a\u00f1os 2000)\t\t\t\t\t\t<\/h3>\n\t\t\t\t\t\n\t\t\t\t\t\t\t\t\t\t\t<div class=\"elementor-flip-box__layer__description\">\n\t\t\t\t\t\t\tLas obras mencionadas hasta ahora no pretend\u00edan ser una monitorizaci\u00f3n real. Sin embargo, supusieron la base para establecer el marco de un seguimiento posterior de la biogeoqu\u00edmica de las aguas alpinas como indicadores del cambio global y, aunque de forma intermitente, proporcionaron la primera serie temporal de datos ambientalmente relevantes. A principios de los a\u00f1os 2000, surgi\u00f3 la idea de mantener estas series y un programa regular y de monitoreo ambiental a largo plazo en los Pirineos. Al mismo tiempo, parte de los investigadores del equipo, que hasta entonces hab\u00eda estado compuesto exclusivamente por miembros del Departamento de Ecolog\u00eda de la Universidad de Barcelona, se trasladaron al Centro de Estudios Avanzados de Blanes (CEAB-CSIC). Sin embargo, el equipo se mantuvo operativo y se convirti\u00f3 en una subunidad del Grupo Mixto de Limnolog\u00eda bajo la denominaci\u00f3n LOOP. Adem\u00e1s, el LOOP ha sido reconocido formalmente por CEAB como una de sus Instalaciones de Observaci\u00f3n.     \t\t\t\t\t\t<\/div>\n\t\t\t\t\t\n\t\t\t\t\t\t\t\t<\/div>\n\t\t<\/div>\n\t\t<\/div>\n\t\t<\/div>\n\t\t\t\t\t\t<\/div>\n\t\t\t\t<div class=\"elementor-element elementor-element-82d6e7e elementor-flip-box--effect-fade elementor-widget__width-initial elementor-widget elementor-widget-flip-box\" data-id=\"82d6e7e\" data-element_type=\"widget\" data-widget_type=\"flip-box.default\">\n\t\t\t\t\t\t\t<div class=\"elementor-flip-box\" tabindex=\"0\">\n\t\t\t<div class=\"elementor-flip-box__layer elementor-flip-box__front\">\n\t\t\t\t<div class=\"elementor-flip-box__layer__overlay\">\n\t\t\t\t\t<div class=\"elementor-flip-box__layer__inner\">\n\t\t\t\t\t\t\n\t\t\t\t\t\t\t\t\t\t\t\t\t<h3 class=\"elementor-flip-box__layer__title\">\n\t\t\t\t\t\t\t\tLOOP y LTER-Aig\u00fcestortes (2008)\t\t\t\t\t\t\t<\/h3>\n\t\t\t\t\t\t\n\t\t\t\t\t\t\t\t\t\t\t\t\t<div class=\"elementor-flip-box__layer__description\">\n\t\t\t\t\t\t\t\tDesde 2008, el lago Redon y Aig\u00fcestortes forman nodos clave LTER dentro de redes espa\u00f1olas, europeas y globales.\t\t\t\t\t\t\t<\/div>\n\t\t\t\t\t\t\t\t\t\t\t<\/div>\n\t\t\t\t<\/div>\n\t\t\t<\/div>\n\t\t\t<div class=\"elementor-flip-box__layer elementor-flip-box__back\">\n\t\t\t<div class=\"elementor-flip-box__layer__overlay\">\n\t\t\t\t<div class=\"elementor-flip-box__layer__inner\">\n\t\t\t\t\t\t\t\t\t\t\t<h3 class=\"elementor-flip-box__layer__title\">\n\t\t\t\t\t\t\tLOOP y LTER-Aig\u00fcestortes (2008)\t\t\t\t\t\t<\/h3>\n\t\t\t\t\t\n\t\t\t\t\t\t\t\t\t\t\t<div class=\"elementor-flip-box__layer__description\">\n\t\t\t\t\t\t\tDesde la creaci\u00f3n del LOOP, se han realizado esfuerzos para mantener y desarrollar un programa de monitorizaci\u00f3n continua. El lago Redon sigue siendo uno de los sitios emblem\u00e1ticos de esta investigaci\u00f3n ecol\u00f3gica a largo plazo. Pero desde 2004 tambi\u00e9n se han iniciado trabajos para ampliar la monitorizaci\u00f3n de las aguas superficiales de alta monta\u00f1a desde el nivel de un solo lago hasta toda la cuenca. Ha sido crucial la participaci\u00f3n en el programa de investigaci\u00f3n de la Red de Parques Nacionales de Espa\u00f1a y, en particular, la colaboraci\u00f3n con el Parque Nacional Aig\u00fcestortes i Estany de Sant Maurici (AESM). El punto de partida fue un proyecto realizado en 2004-06 destinado a definir los protocolos de monitorizaci\u00f3n para utilizar una gran cuenca (el Valle de San Nicol\u00e1u) en el Parque Nacional AESM como un sitio de investigaci\u00f3n y monitoreo ecol\u00f3gico a largo plazo, centr\u00e1ndose en las aguas superficiales como factor que integra y refleja los cambios ambientales en la cuenca. Desde 2008, el Parque Nacional alberga un nodo de investigaci\u00f3n ecol\u00f3gica a largo plazo (LTER-Aig\u00fcestortes) asociado a las redes LTER-Espa\u00f1a, LTER-Europa e ILTER, en el que participa el LOOP junto con equipos de otras instituciones.     \t\t\t\t\t\t<\/div>\n\t\t\t\t\t\n\t\t\t\t\t\t\t\t<\/div>\n\t\t<\/div>\n\t\t<\/div>\n\t\t<\/div>\n\t\t\t\t\t\t<\/div>\n\t\t\t\t<div class=\"elementor-element elementor-element-210c853 elementor-flip-box--effect-fade elementor-widget__width-initial elementor-widget elementor-widget-flip-box\" data-id=\"210c853\" data-element_type=\"widget\" data-widget_type=\"flip-box.default\">\n\t\t\t\t\t\t\t<div class=\"elementor-flip-box\" tabindex=\"0\">\n\t\t\t<div class=\"elementor-flip-box__layer elementor-flip-box__front\">\n\t\t\t\t<div class=\"elementor-flip-box__layer__overlay\">\n\t\t\t\t\t<div class=\"elementor-flip-box__layer__inner\">\n\t\t\t\t\t\t\n\t\t\t\t\t\t\t\t\t\t\t\t\t<h3 class=\"elementor-flip-box__layer__title\">\n\t\t\t\t\t\t\t\tCuatro d\u00e9cadas de estudios sin\u00f3pticos (1975 a 2024)\t\t\t\t\t\t\t<\/h3>\n\t\t\t\t\t\t\n\t\t\t\t\t\t\t\t\t\t\t\t\t<div class=\"elementor-flip-box__layer__description\">\n\t\t\t\t\t\t\t\tLos estudios sin\u00f3pticos de lagos a lo largo de los Pirineos, iniciados por el profesor Margalef en 1975 y continuados en 1986, 1994\u201395, 2000, 2011 y 2024, ofrecen una perspectiva multidecenal sobre la limnolog\u00eda regional y el cambio ambiental.\t\t\t\t\t\t\t<\/div>\n\t\t\t\t\t\t\t\t\t\t\t<\/div>\n\t\t\t\t<\/div>\n\t\t\t<\/div>\n\t\t\t<div class=\"elementor-flip-box__layer elementor-flip-box__back\">\n\t\t\t<div class=\"elementor-flip-box__layer__overlay\">\n\t\t\t\t<div class=\"elementor-flip-box__layer__inner\">\n\t\t\t\t\t\t\t\t\t\t\t<h3 class=\"elementor-flip-box__layer__title\">\n\t\t\t\t\t\t\tCuatro d\u00e9cadas de estudios sin\u00f3pticos (1975 a 2024)\t\t\t\t\t\t<\/h3>\n\t\t\t\t\t\n\t\t\t\t\t\t\t\t\t\t\t<div class=\"elementor-flip-box__layer__description\">\n\t\t\t\t\t\t\tSin embargo, el alcance geogr\u00e1fico del LOOP va m\u00e1s all\u00e1 de la escala local. Los estudios sin\u00f3pticos de lagos realizados no solo en el Parque Nacional AESM, sino tambi\u00e9n en toda la cordillera pirenaica, han sido la base para desarrollar una limnolog\u00eda pirenaica regional. Adem\u00e1s, las encuestas repetidas a lo largo del tiempo ofrecen una visi\u00f3n de los cambios medioambientales a escala regional. La recopilaci\u00f3n de datos iniciada por la encuesta del profesor Margalef y sus colaboradores en 1975 se ha continuado en la encuesta de 1986 mencionada anteriormente, y en encuestas posteriores en el marco de varios proyectos en 1994-95, 2000, 2011 y 2024, cubriendo as\u00ed un periodo de m\u00faltiples d\u00e9cadas.   \t\t\t\t\t\t<\/div>\n\t\t\t\t\t\n\t\t\t\t\t\t\t\t<\/div>\n\t\t<\/div>\n\t\t<\/div>\n\t\t<\/div>\n\t\t\t\t\t\t<\/div>\n\t\t\t\t<div class=\"elementor-element elementor-element-fba9f0e elementor-flip-box--effect-fade elementor-widget__width-initial elementor-widget elementor-widget-flip-box\" data-id=\"fba9f0e\" data-element_type=\"widget\" data-widget_type=\"flip-box.default\">\n\t\t\t\t\t\t\t<div class=\"elementor-flip-box\" tabindex=\"0\">\n\t\t\t<div class=\"elementor-flip-box__layer elementor-flip-box__front\">\n\t\t\t\t<div class=\"elementor-flip-box__layer__overlay\">\n\t\t\t\t\t<div class=\"elementor-flip-box__layer__inner\">\n\t\t\t\t\t\t\n\t\t\t\t\t\t\t\t\t\t\t\t\t<h3 class=\"elementor-flip-box__layer__title\">\n\t\t\t\t\t\t\t\tAdoptando nuevos enfoques\t\t\t\t\t\t\t<\/h3>\n\t\t\t\t\t\t\n\t\t\t\t\t\t\t\t\t\t\t\t\t<div class=\"elementor-flip-box__layer__description\">\n\t\t\t\t\t\t\t\tManteniendo su enfoque central y su monitorizaci\u00f3n a largo plazo, LOOP adopta m\u00e9todos novedosos que incluyen gen\u00f3mica microbiana, redes inal\u00e1mbricas de sensores y teledetecci\u00f3n.\t\t\t\t\t\t\t<\/div>\n\t\t\t\t\t\t\t\t\t\t\t<\/div>\n\t\t\t\t<\/div>\n\t\t\t<\/div>\n\t\t\t<div class=\"elementor-flip-box__layer elementor-flip-box__back\">\n\t\t\t<div class=\"elementor-flip-box__layer__overlay\">\n\t\t\t\t<div class=\"elementor-flip-box__layer__inner\">\n\t\t\t\t\t\t\t\t\t\t\t<h3 class=\"elementor-flip-box__layer__title\">\n\t\t\t\t\t\t\tAdoptando nuevos enfoques\t\t\t\t\t\t<\/h3>\n\t\t\t\t\t\n\t\t\t\t\t\t\t\t\t\t\t<div class=\"elementor-flip-box__layer__description\">\n\t\t\t\t\t\t\tManteniendo su enfoque central y su monitorizaci\u00f3n a largo plazo, LOOP adopta m\u00e9todos novedosos como la gen\u00f3mica microbiana, redes inal\u00e1mbricas de sensores y teledetecci\u00f3n. La gen\u00f3mica microbiana aporta informaci\u00f3n sobre la diversidad, los roles funcionales y las respuestas adaptativas de las comunidades microbianas en los ecosistemas acu\u00e1ticos, ayudando a vincular el cambio ambiental con los procesos ecosist\u00e9micos. Se est\u00e1n integrando redes de sensores en lagos, arroyos, r\u00edos y aguas subterr\u00e1neas para proporcionar datos continuos y de alta resoluci\u00f3n. La teledetecci\u00f3n se aplica a las propiedades \u00f3pticas de la superficie de los lagos, as\u00ed como a caracter\u00edsticas del paisaje como la cobertura de nieve y la fenolog\u00eda de la vegetaci\u00f3n, ofreciendo nuevas perspectivas sobre la din\u00e1mica de los ecosistemas a m\u00faltiples escalas.   \t\t\t\t\t\t<\/div>\n\t\t\t\t\t\n\t\t\t\t\t\t\t\t<\/div>\n\t\t<\/div>\n\t\t<\/div>\n\t\t<\/div>\n\t\t\t\t\t\t<\/div>\n\t\t\t\t\t<\/div>\n\t\t\t\t<\/div>\n\t\t\t\t<\/div>\n\t\t","protected":false},"excerpt":{"rendered":"<p>Or\u00edgenes El antecedente directo del LOOP ha sido el Centro de Investigaci\u00f3n de Alta Monta\u00f1a (CRAM) de la Universidad de Barcelona, que fue inaugurado en 1984 por el profesor Ramon Margalef. Desde tiempos anteriores, el profesor Margalef ha estimulado e inspirado el trabajo limnol\u00f3gico en los Pirineos. En la d\u00e9cada de 1950 public\u00f3 sus primeros [&hellip;]<\/p>\n","protected":false},"author":2,"featured_media":1340,"parent":0,"menu_order":0,"comment_status":"closed","ping_status":"closed","template":"","meta":{"footnotes":""},"class_list":["post-3397","page","type-page","status-publish","has-post-thumbnail","hentry"],"_links":{"self":[{"href":"https:\/\/loopweb.org\/es\/wp-json\/wp\/v2\/pages\/3397","targetHints":{"allow":["GET"]}}],"collection":[{"href":"https:\/\/loopweb.org\/es\/wp-json\/wp\/v2\/pages"}],"about":[{"href":"https:\/\/loopweb.org\/es\/wp-json\/wp\/v2\/types\/page"}],"author":[{"embeddable":true,"href":"https:\/\/loopweb.org\/es\/wp-json\/wp\/v2\/users\/2"}],"replies":[{"embeddable":true,"href":"https:\/\/loopweb.org\/es\/wp-json\/wp\/v2\/comments?post=3397"}],"version-history":[{"count":1,"href":"https:\/\/loopweb.org\/es\/wp-json\/wp\/v2\/pages\/3397\/revisions"}],"predecessor-version":[{"id":3398,"href":"https:\/\/loopweb.org\/es\/wp-json\/wp\/v2\/pages\/3397\/revisions\/3398"}],"wp:featuredmedia":[{"embeddable":true,"href":"https:\/\/loopweb.org\/es\/wp-json\/wp\/v2\/media\/1340"}],"wp:attachment":[{"href":"https:\/\/loopweb.org\/es\/wp-json\/wp\/v2\/media?parent=3397"}],"curies":[{"name":"wp","href":"https:\/\/api.w.org\/{rel}","templated":true}]}}