{"id":3395,"date":"2025-12-05T10:18:23","date_gmt":"2025-12-05T09:18:23","guid":{"rendered":"http:\/\/loopweb.org\/sitios-de-campo\/"},"modified":"2026-01-21T11:23:06","modified_gmt":"2026-01-21T10:23:06","slug":"sitios-de-campo","status":"publish","type":"page","link":"https:\/\/loopweb.org\/es\/sitios-de-campo\/","title":{"rendered":"Sitios de campo"},"content":{"rendered":"\t\t<div data-elementor-type=\"wp-page\" data-elementor-id=\"3395\" class=\"elementor elementor-3395 elementor-1224\" data-elementor-post-type=\"page\">\n\t\t\t\t<div class=\"elementor-element elementor-element-4d7d2d6 e-flex e-con-boxed e-con e-parent\" data-id=\"4d7d2d6\" data-element_type=\"container\">\n\t\t\t\t\t<div class=\"e-con-inner\">\n\t\t\t\t<div class=\"elementor-element elementor-element-522c5a8 elementor-grid-2 elementor-grid-tablet-2 elementor-grid-mobile-1 elementor-widget elementor-widget-loop-grid\" data-id=\"522c5a8\" data-element_type=\"widget\" data-settings=\"{&quot;template_id&quot;:3521,&quot;columns&quot;:2,&quot;row_gap&quot;:{&quot;unit&quot;:&quot;px&quot;,&quot;size&quot;:100,&quot;sizes&quot;:[]},&quot;_skin&quot;:&quot;post&quot;,&quot;columns_tablet&quot;:&quot;2&quot;,&quot;columns_mobile&quot;:&quot;1&quot;,&quot;edit_handle_selector&quot;:&quot;[data-elementor-type=\\&quot;loop-item\\&quot;]&quot;,&quot;row_gap_tablet&quot;:{&quot;unit&quot;:&quot;px&quot;,&quot;size&quot;:&quot;&quot;,&quot;sizes&quot;:[]},&quot;row_gap_mobile&quot;:{&quot;unit&quot;:&quot;px&quot;,&quot;size&quot;:&quot;&quot;,&quot;sizes&quot;:[]}}\" data-widget_type=\"loop-grid.post\">\n\t\t\t\t<div class=\"elementor-widget-container\">\n\t\t\t\t\t\t\t<div class=\"elementor-loop-container elementor-grid\" role=\"list\">\n\t\t<style id=\"loop-3521\">.elementor-3521 .elementor-element.elementor-element-bdd70dd{--display:flex;--min-height:600px;--justify-content:flex-start;--padding-top:0px;--padding-bottom:0px;--padding-left:0px;--padding-right:0px;}.elementor-3521 .elementor-element.elementor-element-2ad038f .elementor-heading-title{font-family:var( --e-global-typography-secondary-font-family ), Sans-serif;font-size:var( --e-global-typography-secondary-font-size );font-weight:var( --e-global-typography-secondary-font-weight );}.elementor-3521 .elementor-element.elementor-element-2cd435c .elementor-flip-box__front{background-color:var( --e-global-color-eeaa1b6 );background-position:center center;background-repeat:no-repeat;background-size:cover;}.elementor-3521 .elementor-element.elementor-element-2cd435c .elementor-flip-box__back{background-color:var( --e-global-color-eeaa1b6 );background-position:center center;background-repeat:no-repeat;background-size:cover;}.elementor-3521 .elementor-element.elementor-element-2cd435c .elementor-flip-box{height:500px;}.elementor-3521 .elementor-element.elementor-element-2cd435c .elementor-flip-box__layer, .elementor-3521 .elementor-element.elementor-element-2cd435c .elementor-flip-box__layer__overlay{border-radius:5px;}.elementor-3521 .elementor-element.elementor-element-2cd435c .elementor-flip-box__back .elementor-flip-box__layer__overlay{background-color:#263935C7;padding:50px 50px 50px 50px;text-align:start;justify-content:center;}.elementor-3521 .elementor-element.elementor-element-2cd435c .elementor-flip-box__button{margin-inline-start:0;font-family:var( --e-global-typography-ce63ec8-font-family ), Sans-serif;font-size:var( --e-global-typography-ce63ec8-font-size );font-weight:var( --e-global-typography-ce63ec8-font-weight );text-decoration:var( --e-global-typography-ce63ec8-text-decoration );line-height:var( --e-global-typography-ce63ec8-line-height );letter-spacing:var( --e-global-typography-ce63ec8-letter-spacing );word-spacing:var( --e-global-typography-ce63ec8-word-spacing );color:var( --e-global-color-5e08682 );border-color:var( --e-global-color-eeaa1b6 );border-width:0px;border-radius:0px;}.elementor-3521 .elementor-element.elementor-element-2cd435c .elementor-flip-box__button:hover{color:var( --e-global-color-accent );}@media(max-width:1024px){.elementor-3521 .elementor-element.elementor-element-2ad038f .elementor-heading-title{font-size:var( --e-global-typography-secondary-font-size );}.elementor-3521 .elementor-element.elementor-element-2cd435c .elementor-flip-box{height:450px;}.elementor-3521 .elementor-element.elementor-element-2cd435c .elementor-flip-box__back .elementor-flip-box__layer__overlay{padding:20px 20px 20px 20px;}.elementor-3521 .elementor-element.elementor-element-2cd435c .elementor-flip-box__button{font-size:var( --e-global-typography-ce63ec8-font-size );line-height:var( --e-global-typography-ce63ec8-line-height );letter-spacing:var( --e-global-typography-ce63ec8-letter-spacing );word-spacing:var( --e-global-typography-ce63ec8-word-spacing );}}@media(max-width:767px){.elementor-3521 .elementor-element.elementor-element-2ad038f .elementor-heading-title{font-size:var( --e-global-typography-secondary-font-size );}.elementor-3521 .elementor-element.elementor-element-2cd435c .elementor-flip-box__button{font-size:var( --e-global-typography-ce63ec8-font-size );line-height:var( --e-global-typography-ce63ec8-line-height );letter-spacing:var( --e-global-typography-ce63ec8-letter-spacing );word-spacing:var( --e-global-typography-ce63ec8-word-spacing );}}<\/style>\t\t<div data-elementor-type=\"loop-item\" data-elementor-id=\"3521\" class=\"elementor elementor-3521 elementor-1834 e-loop-item e-loop-item-3592 post-3592 sites type-sites status-publish has-post-thumbnail hentry\" data-elementor-post-type=\"elementor_library\" data-custom-edit-handle=\"1\">\n\t\t\t<div class=\"elementor-element elementor-element-bdd70dd e-flex e-con-boxed e-con e-parent\" data-id=\"bdd70dd\" data-element_type=\"container\">\n\t\t\t\t\t<div class=\"e-con-inner\">\n\t\t\t\t<div class=\"elementor-element elementor-element-2ad038f elementor-widget elementor-widget-theme-post-title elementor-page-title elementor-widget-heading\" data-id=\"2ad038f\" data-element_type=\"widget\" data-widget_type=\"theme-post-title.default\">\n\t\t\t\t\t<h1 class=\"elementor-heading-title elementor-size-default\">Lago Redon<\/h1>\t\t\t\t<\/div>\n\t\t\t\t<div class=\"elementor-element elementor-element-2cd435c elementor-flip-box--effect-fade elementor-widget elementor-widget-flip-box\" data-id=\"2cd435c\" data-element_type=\"widget\" data-widget_type=\"flip-box.default\">\n\t\t\t\t\t\t\t<div class=\"elementor-flip-box\" tabindex=\"0\">\n\t\t\t<div class=\"elementor-flip-box__layer elementor-flip-box__front\">\n\t\t\t\t<div class=\"elementor-flip-box__layer__overlay\">\n\t\t\t\t\t<div class=\"elementor-flip-box__layer__inner\">\n\t\t\t\t\t\t\n\t\t\t\t\t\t\n\t\t\t\t\t\t\t\t\t\t\t<\/div>\n\t\t\t\t<\/div>\n\t\t\t<\/div>\n\t\t\t<div class=\"elementor-flip-box__layer elementor-flip-box__back\">\n\t\t\t<div class=\"elementor-flip-box__layer__overlay\">\n\t\t\t\t<div class=\"elementor-flip-box__layer__inner\">\n\t\t\t\t\t\n\t\t\t\t\t\t\t\t\t\t\t<div class=\"elementor-flip-box__layer__description\">\n\t\t\t\t\t\t\tEl lago Redon (anteriormente llamado Red\u00f3) ha sido el principal sitio de investigaci\u00f3n del LOOP desde 1984 y es uno de los lagos alpinos m\u00e1s estudiados del mundo. Situado en los Pirineos a 2240 m de altitud, ha sido monitorizado continuamente durante casi 30 a\u00f1os, con estudios extensos sobre su limnolog\u00eda, interacciones clim\u00e1ticas y cambios medioambientales. La investigaci\u00f3n all\u00ed ha avanzado en la comprensi\u00f3n del cambio global, la contaminaci\u00f3n y la din\u00e1mica de los ecosistemas en los \u00faltimos 10.000 a\u00f1os.  \t\t\t\t\t\t<\/div>\n\t\t\t\t\t\n\t\t\t\t\t\t\t\t\t\t\t<a class=\"elementor-flip-box__button elementor-button elementor-size-sm\" href=\"https:\/\/loopweb.org\/es\/?sites=lago-redon\">\n\t\t\t\t\t\t\tSABER M\u00c1S\t\t\t\t\t\t<\/a>\n\t\t\t\t\t\t\t\t<\/div>\n\t\t<\/div>\n\t\t<\/div>\n\t\t<\/div>\n\t\t\t\t\t\t<\/div>\n\t\t\t\t\t<\/div>\n\t\t\t\t<\/div>\n\t\t\t\t<\/div>\n\t\t\t\t<div data-elementor-type=\"loop-item\" data-elementor-id=\"3521\" class=\"elementor elementor-3521 elementor-1834 e-loop-item e-loop-item-3591 post-3591 sites type-sites status-publish has-post-thumbnail hentry\" data-elementor-post-type=\"elementor_library\" data-custom-edit-handle=\"1\">\n\t\t\t<div class=\"elementor-element elementor-element-bdd70dd e-flex e-con-boxed e-con e-parent\" data-id=\"bdd70dd\" data-element_type=\"container\">\n\t\t\t\t\t<div class=\"e-con-inner\">\n\t\t\t\t<div class=\"elementor-element elementor-element-2ad038f elementor-widget elementor-widget-theme-post-title elementor-page-title elementor-widget-heading\" data-id=\"2ad038f\" data-element_type=\"widget\" data-widget_type=\"theme-post-title.default\">\n\t\t\t\t\t<h1 class=\"elementor-heading-title elementor-size-default\">Pleta de Moli\u00e8res Peatland<\/h1>\t\t\t\t<\/div>\n\t\t\t\t<div class=\"elementor-element elementor-element-2cd435c elementor-flip-box--effect-fade elementor-widget elementor-widget-flip-box\" data-id=\"2cd435c\" data-element_type=\"widget\" data-widget_type=\"flip-box.default\">\n\t\t\t\t\t\t\t<div class=\"elementor-flip-box\" tabindex=\"0\">\n\t\t\t<div class=\"elementor-flip-box__layer elementor-flip-box__front\">\n\t\t\t\t<div class=\"elementor-flip-box__layer__overlay\">\n\t\t\t\t\t<div class=\"elementor-flip-box__layer__inner\">\n\t\t\t\t\t\t\n\t\t\t\t\t\t\n\t\t\t\t\t\t\t\t\t\t\t<\/div>\n\t\t\t\t<\/div>\n\t\t\t<\/div>\n\t\t\t<div class=\"elementor-flip-box__layer elementor-flip-box__back\">\n\t\t\t<div class=\"elementor-flip-box__layer__overlay\">\n\t\t\t\t<div class=\"elementor-flip-box__layer__inner\">\n\t\t\t\t\t\n\t\t\t\t\t\t\t\t\t\t\t<div class=\"elementor-flip-box__layer__description\">\n\t\t\t\t\t\t\tLa turbera de la Pleta dels Moli\u00e8res, situada en los Pirineos centrales cerca de Vielha, es uno de los humedales \u00e1cidos m\u00e1s representativos de la regi\u00f3n. Formada sobre granito a 1.720 m de altitud, alberga diversos h\u00e1bitats formadores de turba y desempe\u00f1a un papel clave en la regulaci\u00f3n de los ciclos del carbono, los nutrientes y el agua. Su hidrolog\u00eda \u00fanica la convierte en un lugar valioso para estudiar c\u00f3mo responden las turberas de monta\u00f1a al cambio ambiental.  \t\t\t\t\t\t<\/div>\n\t\t\t\t\t\n\t\t\t\t\t\t\t\t\t\t\t<a class=\"elementor-flip-box__button elementor-button elementor-size-sm\" href=\"https:\/\/loopweb.org\/es\/?sites=pleta-de-molieres-peatland\">\n\t\t\t\t\t\t\tSABER M\u00c1S\t\t\t\t\t\t<\/a>\n\t\t\t\t\t\t\t\t<\/div>\n\t\t<\/div>\n\t\t<\/div>\n\t\t<\/div>\n\t\t\t\t\t\t<\/div>\n\t\t\t\t\t<\/div>\n\t\t\t\t<\/div>\n\t\t\t\t<\/div>\n\t\t\t\t<div data-elementor-type=\"loop-item\" data-elementor-id=\"3521\" class=\"elementor elementor-3521 elementor-1834 e-loop-item e-loop-item-3590 post-3590 sites type-sites status-publish has-post-thumbnail hentry\" data-elementor-post-type=\"elementor_library\" data-custom-edit-handle=\"1\">\n\t\t\t<div class=\"elementor-element elementor-element-bdd70dd e-flex e-con-boxed e-con e-parent\" data-id=\"bdd70dd\" data-element_type=\"container\">\n\t\t\t\t\t<div class=\"e-con-inner\">\n\t\t\t\t<div class=\"elementor-element elementor-element-2ad038f elementor-widget elementor-widget-theme-post-title elementor-page-title elementor-widget-heading\" data-id=\"2ad038f\" data-element_type=\"widget\" data-widget_type=\"theme-post-title.default\">\n\t\t\t\t\t<h1 class=\"elementor-heading-title elementor-size-default\">Parque Nacional Aig\u00fcestortes i Estany de Sant Maurici<\/h1>\t\t\t\t<\/div>\n\t\t\t\t<div class=\"elementor-element elementor-element-2cd435c elementor-flip-box--effect-fade elementor-widget elementor-widget-flip-box\" data-id=\"2cd435c\" data-element_type=\"widget\" data-widget_type=\"flip-box.default\">\n\t\t\t\t\t\t\t<div class=\"elementor-flip-box\" tabindex=\"0\">\n\t\t\t<div class=\"elementor-flip-box__layer elementor-flip-box__front\">\n\t\t\t\t<div class=\"elementor-flip-box__layer__overlay\">\n\t\t\t\t\t<div class=\"elementor-flip-box__layer__inner\">\n\t\t\t\t\t\t\n\t\t\t\t\t\t\n\t\t\t\t\t\t\t\t\t\t\t<\/div>\n\t\t\t\t<\/div>\n\t\t\t<\/div>\n\t\t\t<div class=\"elementor-flip-box__layer elementor-flip-box__back\">\n\t\t\t<div class=\"elementor-flip-box__layer__overlay\">\n\t\t\t\t<div class=\"elementor-flip-box__layer__inner\">\n\t\t\t\t\t\n\t\t\t\t\t\t\t\t\t\t\t<div class=\"elementor-flip-box__layer__description\">\n\t\t\t\t\t\t\tEl Parque Nacional Aig\u00fcestortes i Estany de Sant Maurici, el \u00fanico parque nacional de Catalu\u00f1a, es uno de los ecosistemas alpinos mejor conservados de la Pen\u00ednsula Ib\u00e9rica, con m\u00e1s de 200 lagos y una gran biodiversidad. LOOP lleva a cabo investigaciones ecol\u00f3gicas a largo plazo all\u00ed desde 2004, centr\u00e1ndose en el Valle de Sant Nicolau, un sitio experimental para estudiar hidrolog\u00eda, biogeoqu\u00edmica y impactos del cambio clim\u00e1tico en entornos de alta monta\u00f1a mediante redes avanzadas de sensores y programas de monitorizaci\u00f3n del agua. \t\t\t\t\t\t<\/div>\n\t\t\t\t\t\n\t\t\t\t\t\t\t\t\t\t\t<a class=\"elementor-flip-box__button elementor-button elementor-size-sm\" href=\"https:\/\/loopweb.org\/es\/?sites=parque-nacional-aiguestortes-i-estany-de-sant-maurici\">\n\t\t\t\t\t\t\tSABER M\u00c1S\t\t\t\t\t\t<\/a>\n\t\t\t\t\t\t\t\t<\/div>\n\t\t<\/div>\n\t\t<\/div>\n\t\t<\/div>\n\t\t\t\t\t\t<\/div>\n\t\t\t\t\t<\/div>\n\t\t\t\t<\/div>\n\t\t\t\t<\/div>\n\t\t\t\t<div data-elementor-type=\"loop-item\" data-elementor-id=\"3521\" class=\"elementor elementor-3521 elementor-1834 e-loop-item e-loop-item-3589 post-3589 sites type-sites status-publish has-post-thumbnail hentry\" data-elementor-post-type=\"elementor_library\" data-custom-edit-handle=\"1\">\n\t\t\t<div class=\"elementor-element elementor-element-bdd70dd e-flex e-con-boxed e-con e-parent\" data-id=\"bdd70dd\" data-element_type=\"container\">\n\t\t\t\t\t<div class=\"e-con-inner\">\n\t\t\t\t<div class=\"elementor-element elementor-element-2ad038f elementor-widget elementor-widget-theme-post-title elementor-page-title elementor-widget-heading\" data-id=\"2ad038f\" data-element_type=\"widget\" data-widget_type=\"theme-post-title.default\">\n\t\t\t\t\t<h1 class=\"elementor-heading-title elementor-size-default\">Distrito de los Lagos de los Pirineos<\/h1>\t\t\t\t<\/div>\n\t\t\t\t<div class=\"elementor-element elementor-element-2cd435c elementor-flip-box--effect-fade elementor-widget elementor-widget-flip-box\" data-id=\"2cd435c\" data-element_type=\"widget\" data-widget_type=\"flip-box.default\">\n\t\t\t\t\t\t\t<div class=\"elementor-flip-box\" tabindex=\"0\">\n\t\t\t<div class=\"elementor-flip-box__layer elementor-flip-box__front\">\n\t\t\t\t<div class=\"elementor-flip-box__layer__overlay\">\n\t\t\t\t\t<div class=\"elementor-flip-box__layer__inner\">\n\t\t\t\t\t\t\n\t\t\t\t\t\t\n\t\t\t\t\t\t\t\t\t\t\t<\/div>\n\t\t\t\t<\/div>\n\t\t\t<\/div>\n\t\t\t<div class=\"elementor-flip-box__layer elementor-flip-box__back\">\n\t\t\t<div class=\"elementor-flip-box__layer__overlay\">\n\t\t\t\t<div class=\"elementor-flip-box__layer__inner\">\n\t\t\t\t\t\n\t\t\t\t\t\t\t\t\t\t\t<div class=\"elementor-flip-box__layer__description\">\n\t\t\t\t\t\t\tEl Distrito de los Lagos de los Pirineos, con m\u00e1s de mil lagos alpinos que abarcan diversas zonas geol\u00f3gicas y clim\u00e1ticas, es una de las regiones lacustres monta\u00f1osas m\u00e1s ricas de Europa. Sus variadas condiciones lo convierten en un laboratorio natural para estudiar c\u00f3mo los factores ambientales y humanos moldean los ecosistemas alpinos. LOOP ha estudiado estos lagos desde 1987, construyendo una base de datos de m\u00e1s de 500 sitios para seguir los cambios ecol\u00f3gicos a largo plazo.  \t\t\t\t\t\t<\/div>\n\t\t\t\t\t\n\t\t\t\t\t\t\t\t\t\t\t<a class=\"elementor-flip-box__button elementor-button elementor-size-sm\" href=\"https:\/\/loopweb.org\/es\/?sites=distrito-de-los-lagos-de-los-pirineos\">\n\t\t\t\t\t\t\tSABER M\u00c1S\t\t\t\t\t\t<\/a>\n\t\t\t\t\t\t\t\t<\/div>\n\t\t<\/div>\n\t\t<\/div>\n\t\t<\/div>\n\t\t\t\t\t\t<\/div>\n\t\t\t\t\t<\/div>\n\t\t\t\t<\/div>\n\t\t\t\t<\/div>\n\t\t\t\t<\/div>\n\t\t\n\t\t\t\t\t\t<\/div>\n\t\t\t\t<\/div>\n\t\t\t\t\t<\/div>\n\t\t\t\t<\/div>\n\t\t\t\t<\/div>\n\t\t","protected":false},"excerpt":{"rendered":"","protected":false},"author":2,"featured_media":1431,"parent":0,"menu_order":0,"comment_status":"closed","ping_status":"closed","template":"","meta":{"footnotes":""},"class_list":["post-3395","page","type-page","status-publish","has-post-thumbnail","hentry"],"_links":{"self":[{"href":"https:\/\/loopweb.org\/es\/wp-json\/wp\/v2\/pages\/3395","targetHints":{"allow":["GET"]}}],"collection":[{"href":"https:\/\/loopweb.org\/es\/wp-json\/wp\/v2\/pages"}],"about":[{"href":"https:\/\/loopweb.org\/es\/wp-json\/wp\/v2\/types\/page"}],"author":[{"embeddable":true,"href":"https:\/\/loopweb.org\/es\/wp-json\/wp\/v2\/users\/2"}],"replies":[{"embeddable":true,"href":"https:\/\/loopweb.org\/es\/wp-json\/wp\/v2\/comments?post=3395"}],"version-history":[{"count":1,"href":"https:\/\/loopweb.org\/es\/wp-json\/wp\/v2\/pages\/3395\/revisions"}],"predecessor-version":[{"id":3396,"href":"https:\/\/loopweb.org\/es\/wp-json\/wp\/v2\/pages\/3395\/revisions\/3396"}],"wp:featuredmedia":[{"embeddable":true,"href":"https:\/\/loopweb.org\/es\/wp-json\/wp\/v2\/media\/1431"}],"wp:attachment":[{"href":"https:\/\/loopweb.org\/es\/wp-json\/wp\/v2\/media?parent=3395"}],"curies":[{"name":"wp","href":"https:\/\/api.w.org\/{rel}","templated":true}]}}