{"id":3877,"date":"2025-11-24T10:19:34","date_gmt":"2025-11-24T09:19:34","guid":{"rendered":"http:\/\/loopweb.org\/avis-legal\/"},"modified":"2026-01-16T13:05:24","modified_gmt":"2026-01-16T12:05:24","slug":"avis-legal","status":"publish","type":"page","link":"https:\/\/loopweb.org\/ca\/avis-legal\/","title":{"rendered":"Av\u00eds legal"},"content":{"rendered":"\n<h2 class=\"wp-block-heading\"><strong>Termes i condicions generals d&#8217;\u00fas del portal www.loopweb.org<\/strong><\/h2>\n\n<p>El projecte LOOPWEB informa els usuaris que l&#8217;acc\u00e9s i \u00fas de la <a href=\"http:\/\/www.loopweb.org\">www.loopweb.org<\/a> del lloc web, i de tots els subdominis i directoris inclosos en aquesta (d&#8217;ara endavant col\u00b7lectivament denominats el Portal), estan subjectes als termes i condicions establerts en aquest Av\u00eds Legal, sense perjudici que l&#8217;acc\u00e9s a determinats serveis o continguts pugui requerir l&#8217;acceptaci\u00f3 de termes i condicions espec\u00edfics addicionals.<\/p>\n\n<p>El Portal \u00e9s gestionat principalment per investigadors afiliats al Consell Nacional d&#8217;Investigaci\u00f3 d&#8217;Espanya (CSIC), dins del marc d&#8217;activitats de recerca, difusi\u00f3 i col\u00b7laboraci\u00f3 cient\u00edfica.<\/p>\n\n<p>LOOPWEB es reserva el dret de fer canvis al Portal sense av\u00eds previ, per tal d&#8217;actualitzar, corregir, modificar, afegir o eliminar contingut o elements de disseny. Com que les actualitzacions d&#8217;informaci\u00f3 no s\u00f3n necess\u00e0riament instant\u00e0nies, es recomana als usuaris que comprovin peri\u00f2dicament la validesa i exactitud de la informaci\u00f3, els serveis i els continguts que es mostren. De la mateixa manera, els termes i condicions establerts en aquest Av\u00eds Legal poden ser modificats; per tant, s&#8217;anima els usuaris a revisar-los cada visita al Portal.  <\/p>\n\n<p>LOOPWEB no es fa responsable de cap dany que pugui resultar de l&#8217;\u00fas de les eines i la informaci\u00f3 contingudes a la <a href=\"http:\/\/www.loopweb.org\">www.loopweb.org<\/a> del lloc web, especialment pel que fa als processos de presa de decisions relacionats amb procediments administratius, cient\u00edfics, t\u00e8cnics o institucionals. Aquestes decisions sempre s&#8217;han de verificar amb les autoritats, institucions o organitzacions competents. En cap cas es pot invocar la informaci\u00f3 o el contingut d&#8217;aquest lloc web en cas de discrep\u00e0ncies amb la informaci\u00f3 publicada per organismes p\u00fablics oficials. LOOPWEB no ser\u00e0 considerada responsable de cap difer\u00e8ncia que pugui existir entre documents oficials i la informaci\u00f3 publicada electr\u00f2nicament al Portal.   <\/p>\n\n<div style=\"height:30px\" aria-hidden=\"true\" class=\"wp-block-spacer\"><\/div>\n\n<h2 class=\"wp-block-heading\"><strong>Drets de propietat intel\u00b7lectual i industrial<\/strong><\/h2>\n\n<p>El disseny del Portal, el seu codi font i els logotips, marques comercials i altres signes distintius que s&#8217;hi mostren s\u00f3n propietat de LOOPWEB, CSIC o entitats col\u00b7laboradores, i estan protegits per la legislaci\u00f3 aplicable de propietat intel\u00b7lectual i industrial.  <\/p>\n\n<p>Excepte que s&#8217;indiqui expressament el contrari, la informaci\u00f3 disponible en aquest lloc web est\u00e0 subjecta a reutilitzaci\u00f3. La reproducci\u00f3, modificaci\u00f3, distribuci\u00f3 i comunicaci\u00f3 p\u00fablica totals o parcials estan autoritzades tant per a finalitats comercials com no comercials, sempre que es compleixin les seg\u00fcents condicions: <\/p>\n\n<ul class=\"wp-block-list\">\n<li>El contingut no s&#8217;ha de modificar ni manipular d&#8217;una manera que distorsioni el seu significat original.<\/li>\n\n\n\n<li>La font dels documents reutilitzats s&#8217;ha de citar clarament.<\/li>\n\n\n\n<li>Cal indicar la data de l&#8217;\u00faltima actualitzaci\u00f3 dels documents reutilitzats.<\/li>\n<\/ul>\n\n<p>LOOPWEB declara el seu respecte pels drets de propietat intel\u00b7lectual i industrial dels tercers. Si creieu que qualsevol contingut d&#8217;aquest lloc web infringeix els vostres drets, si us plau, contacteu amb l&#8217;administrador del lloc a l&#8217;adre\u00e7a de correu electr\u00f2nic indicada a continuaci\u00f3. <\/p>\n\n<div style=\"height:30px\" aria-hidden=\"true\" class=\"wp-block-spacer\"><\/div>\n\n<h2 class=\"wp-block-heading\"><strong>Enlla\u00e7os o enlla\u00e7os<\/strong><\/h2>\n\n<p>Els usuaris que vulguin establir un enlla\u00e7 des del seu lloc web fins al Portal LOOPWEB han de respectar les seg\u00fcents condicions:<\/p>\n\n<p>L&#8217;establiment d&#8217;un hipervincle no implica l&#8217;exist\u00e8ncia de cap relaci\u00f3 entre LOOPWEB i el propietari del lloc web enlla\u00e7at, ni l&#8217;acceptaci\u00f3 o aprovaci\u00f3 dels seus continguts o serveis.<\/p>\n\n<p>El lloc web enlla\u00e7at no pot indicar ni implicar que LOOPWEB hagi autoritzat, supervisat o verificat els seus continguts o serveis.<\/p>\n\n<p>LOOPWEB no ser\u00e0 considerada responsable pel contingut, serveis, precisi\u00f3, legalitat o fiabilitat dels llocs web de tercers accessibles a trav\u00e9s d&#8217;enlla\u00e7os.<\/p>\n\n<p>El lloc web que estableix l&#8217;enlla\u00e7 no ha de contenir contingut il\u00b7legal, contingut contrari als est\u00e0ndards morals generalment acceptats, ni contingut que vulneri els drets de tercers.<\/p>\n\n<p>El lloc web que estableix l&#8217;hipervincle no ha d&#8217;incloure marques comercials, noms, logotips ni altres signes distintius que pertanyin a LOOPWEB, CSIC o entitats col\u00b7laboradores, excepte quan sigui estrictament necessari per identificar l&#8217;enlla\u00e7.<\/p>\n\n<div style=\"height:30px\" aria-hidden=\"true\" class=\"wp-block-spacer\"><\/div>\n\n<h2 class=\"wp-block-heading\"><strong>Marcs<\/strong><\/h2>\n\n<p>LOOPWEB prohibeix expressament l&#8217;\u00fas de &#8220;marcs&#8221; o qualsevol altre mecanisme per part de tercers que alterin el disseny original, la configuraci\u00f3 o el contingut del Portal.<\/p>\n\n<div style=\"height:30px\" aria-hidden=\"true\" class=\"wp-block-spacer\"><\/div>\n\n<h2 class=\"wp-block-heading\"><strong>Pol\u00edtica de privacitat<\/strong><\/h2>\n\n<p>D&#8217;acord amb el Reglament (UE) 2016\/679 (Reglament General de Protecci\u00f3 de Dades \u2013 RGPD) i la Llei Org\u00e0nica espanyola 3\/2018 sobre la Protecci\u00f3 de Dades Personals i la Garantia dels Drets Digitals (LOPDGDD), s&#8217;informa als usuaris que aquest lloc web no recull, emmagatzema ni processa dades personals dels visitants.<\/p>\n\n<p>El Portal no utilitza formularis de contacte, galetes de seguiment, eines d&#8217;anal\u00edtica web ni cap altre mecanisme que permeti la identificaci\u00f3 o recollida d&#8217;informaci\u00f3 personal.<\/p>\n\n<p>Per a qualsevol pregunta relacionada amb aquesta pol\u00edtica de privacitat, els usuaris poden contactar amb l&#8217;administrador del lloc a: <a href=\"mailto:camarero@ceab.csic.es\">camarero@ceab.csic.es<\/a> o <a href=\"mailto:lluis.gomez@idaea.csic.es\">lluis.gomez@idaea.csic.es<\/a>.<\/p>\n\n<div style=\"height:30px\" aria-hidden=\"true\" class=\"wp-block-spacer\"><\/div>\n\n<h2 class=\"wp-block-heading\"><strong>Dret aplicable i jurisdicci\u00f3<\/strong><\/h2>\n\n<p>La legislaci\u00f3 aplicable que reguli aquest Av\u00eds Legal i qualsevol disputa derivada de la seva interpretaci\u00f3 o aplicaci\u00f3 ser\u00e0 de llei espanyola.<\/p>\n\n<p>Per a la resoluci\u00f3 de qualsevol disputa que pugui sorgir per l&#8217;acc\u00e9s o \u00fas del Portal, LOOPWEB i l&#8217;usuari accepten expressament sotmetre&#8217;s als tribunals i tribunals del lloc de resid\u00e8ncia de l&#8217;usuari, sempre que es trobi dins del territori espanyol.<\/p>\n\n<p><\/p>\n","protected":false},"excerpt":{"rendered":"<p>Termes i condicions generals d&#8217;\u00fas del portal www.loopweb.org El projecte LOOPWEB informa els usuaris que l&#8217;acc\u00e9s i \u00fas de la www.loopweb.org del lloc web, i de tots els subdominis i directoris inclosos en aquesta (d&#8217;ara endavant col\u00b7lectivament denominats el Portal), estan subjectes als termes i condicions establerts en aquest Av\u00eds Legal, sense perjudici que l&#8217;acc\u00e9s [&hellip;]<\/p>\n","protected":false},"author":1,"featured_media":0,"parent":0,"menu_order":0,"comment_status":"closed","ping_status":"closed","template":"","meta":{"footnotes":""},"class_list":["post-3877","page","type-page","status-publish","hentry"],"_links":{"self":[{"href":"https:\/\/loopweb.org\/ca\/wp-json\/wp\/v2\/pages\/3877","targetHints":{"allow":["GET"]}}],"collection":[{"href":"https:\/\/loopweb.org\/ca\/wp-json\/wp\/v2\/pages"}],"about":[{"href":"https:\/\/loopweb.org\/ca\/wp-json\/wp\/v2\/types\/page"}],"author":[{"embeddable":true,"href":"https:\/\/loopweb.org\/ca\/wp-json\/wp\/v2\/users\/1"}],"replies":[{"embeddable":true,"href":"https:\/\/loopweb.org\/ca\/wp-json\/wp\/v2\/comments?post=3877"}],"version-history":[{"count":1,"href":"https:\/\/loopweb.org\/ca\/wp-json\/wp\/v2\/pages\/3877\/revisions"}],"predecessor-version":[{"id":3878,"href":"https:\/\/loopweb.org\/ca\/wp-json\/wp\/v2\/pages\/3877\/revisions\/3878"}],"wp:attachment":[{"href":"https:\/\/loopweb.org\/ca\/wp-json\/wp\/v2\/media?parent=3877"}],"curies":[{"name":"wp","href":"https:\/\/api.w.org\/{rel}","templated":true}]}}