{"id":3387,"date":"2025-12-05T10:17:04","date_gmt":"2025-12-05T09:17:04","guid":{"rendered":"http:\/\/loopweb.org\/historia\/"},"modified":"2026-01-21T11:22:16","modified_gmt":"2026-01-21T10:22:16","slug":"historia","status":"publish","type":"page","link":"https:\/\/loopweb.org\/ca\/historia\/","title":{"rendered":"Hist\u00f2ria"},"content":{"rendered":"\t\t<div data-elementor-type=\"wp-page\" data-elementor-id=\"3387\" class=\"elementor elementor-3387 elementor-1219\" data-elementor-post-type=\"page\">\n\t\t\t\t<div class=\"elementor-element elementor-element-5fba0b6 e-flex e-con-boxed e-con e-parent\" data-id=\"5fba0b6\" data-element_type=\"container\" data-settings=\"{&quot;background_background&quot;:&quot;classic&quot;}\">\n\t\t\t\t\t<div class=\"e-con-inner\">\n\t\t<div class=\"elementor-element elementor-element-2547252 e-con-full e-flex e-con e-child\" data-id=\"2547252\" data-element_type=\"container\">\n\t\t\t\t<div class=\"elementor-element elementor-element-9f5a129 elementor-widget elementor-widget-heading\" data-id=\"9f5a129\" data-element_type=\"widget\" data-widget_type=\"heading.default\">\n\t\t\t\t\t<h2 class=\"elementor-heading-title elementor-size-default\">Or\u00edgens<\/h2>\t\t\t\t<\/div>\n\t\t\t\t<div class=\"elementor-element elementor-element-8a88e3e elementor-widget elementor-widget-heading\" data-id=\"8a88e3e\" data-element_type=\"widget\" data-widget_type=\"heading.default\">\n\t\t\t\t\t<h2 class=\"elementor-heading-title elementor-size-default\">L'antecedent directe del LOOP ha estat el Centre de Recerca d'Alta Muntanya (CRAM) de la Universitat de Barcelona, inaugurat el 1984 pel professor Ramon Margalef.<\/h2>\t\t\t\t<\/div>\n\t\t\t\t<div class=\"elementor-element elementor-element-26691f1 elementor-widget elementor-widget-text-editor\" data-id=\"26691f1\" data-element_type=\"widget\" data-widget_type=\"text-editor.default\">\n\t\t\t\t\t\t\t\t\t<p>Des de temps anteriors, el professor Margalef ha estimulat i inspirat el treball limnol\u00f2gic als Pirineus. Als anys 50 va publicar els seus primers estudis sobre pl\u00e0ncton dels llacs pirinencs. El 1975, ell i els seus estudiants van dur a terme el primer estudi limnol\u00f2gic extens als Pirineus. Van prendre mostres de m\u00e9s de 30 llacs per a qu\u00edmica i biologia, i van implicar clubs d&#8217;alpinisme en la presa de mostres de pl\u00e0ncton en un nombre m\u00e9s gran de llacs durant les seves excursions esportives, en una experi\u00e8ncia primerenca de ci\u00e8ncia ciutadana.   <br><br>El CRAM est\u00e0 situat al Val d&#8217;Aran (Pirineus Centrals) a 1600 m d&#8217;altitud, i inicialment estava pensat com una instal\u00b7laci\u00f3 per a estudis de camp sobre la limnologia dels Pirineus. Va assumir el lideratge en limnologia pirinenca des del laboratori d&#8217;Or\u00e8don de la Universitat de Tolosa, al mass\u00eds de N\u00e9ouvielle, que havia estat molt actiu durant els anys 60-70. Grups que treballen en els camps de glaciologia, geologia, bot\u00e0nica i zoologia es van unir m\u00e9s tard al CRAM, tot i que el treball limnol\u00f2gic ha continuat sent l&#8217;activitat principal.    <br><br>Des de 2002, el CRAM \u00e9s la base d&#8217;un equip d&#8217;una Unitat de Recerca Mixta, el Grup de Limnologia, format per investigadors de la Universitat de Barcelona (UB) i del Consell Espanyol de Ci\u00e8ncia (CSIC), que s\u00f3n el nucli del personal del LOOP.<\/p>\t\t\t\t\t\t\t\t<\/div>\n\t\t\t\t<\/div>\n\t\t\t\t<div class=\"elementor-element elementor-element-881fd92 elementor-widget elementor-widget-image\" data-id=\"881fd92\" data-element_type=\"widget\" data-widget_type=\"image.default\">\n\t\t\t\t\t\t\t\t\t\t\t\t\t\t\t<img fetchpriority=\"high\" decoding=\"async\" width=\"362\" height=\"250\" src=\"https:\/\/loopweb.org\/wp-content\/uploads\/LoopWeb-Early-days.jpg\" class=\"attachment-large size-large wp-image-3140\" alt=\"\" \/>\t\t\t\t\t\t\t\t\t\t\t\t\t\t\t<\/div>\n\t\t\t\t\t<\/div>\n\t\t\t\t<\/div>\n\t\t<div class=\"elementor-element elementor-element-3902459 e-flex e-con-boxed e-con e-parent\" data-id=\"3902459\" data-element_type=\"container\" data-settings=\"{&quot;background_background&quot;:&quot;classic&quot;}\">\n\t\t\t\t\t<div class=\"e-con-inner\">\n\t\t\t\t<div class=\"elementor-element elementor-element-e6383e9 elementor-widget elementor-widget-heading\" data-id=\"e6383e9\" data-element_type=\"widget\" data-widget_type=\"heading.default\">\n\t\t\t\t\t<h2 class=\"elementor-heading-title elementor-size-default\">Cronologia<\/h2>\t\t\t\t<\/div>\n\t\t\t\t<div class=\"elementor-element elementor-element-d5819d6 elementor-widget elementor-widget-spacer\" data-id=\"d5819d6\" data-element_type=\"widget\" data-widget_type=\"spacer.default\">\n\t\t\t\t\t\t\t<div class=\"elementor-spacer\">\n\t\t\t<div class=\"elementor-spacer-inner\"><\/div>\n\t\t<\/div>\n\t\t\t\t\t\t<\/div>\n\t\t\t\t<div class=\"elementor-element elementor-element-83946ac elementor-flip-box--effect-fade elementor-widget__width-initial elementor-widget elementor-widget-flip-box\" data-id=\"83946ac\" data-element_type=\"widget\" data-widget_type=\"flip-box.default\">\n\t\t\t\t\t\t\t<div class=\"elementor-flip-box\" tabindex=\"0\">\n\t\t\t<div class=\"elementor-flip-box__layer elementor-flip-box__front\">\n\t\t\t\t<div class=\"elementor-flip-box__layer__overlay\">\n\t\t\t\t\t<div class=\"elementor-flip-box__layer__inner\">\n\t\t\t\t\t\t\n\t\t\t\t\t\t\t\t\t\t\t\t\t<h3 class=\"elementor-flip-box__layer__title\">\n\t\t\t\t\t\t\t\tPrimers dies (1983 - 1989)\t\t\t\t\t\t\t<\/h3>\n\t\t\t\t\t\t\n\t\t\t\t\t\t\t\t\t\t\t\t\t<div class=\"elementor-flip-box__layer__description\">\n\t\t\t\t\t\t\t\tLes primeres activitats relacionades amb la biogeoqu\u00edmica ambiental de les aig\u00fces superficials al CRAM van comen\u00e7ar el 1984 al llac Redon (anomenat Red\u00f3 abans de la revisi\u00f3 de la topon\u00edmia oficial per restaurar els noms locals a finals dels anys noranta).\t\t\t\t\t\t\t<\/div>\n\t\t\t\t\t\t\t\t\t\t\t<\/div>\n\t\t\t\t<\/div>\n\t\t\t<\/div>\n\t\t\t<div class=\"elementor-flip-box__layer elementor-flip-box__back\">\n\t\t\t<div class=\"elementor-flip-box__layer__overlay\">\n\t\t\t\t<div class=\"elementor-flip-box__layer__inner\">\n\t\t\t\t\t\t\t\t\t\t\t<h3 class=\"elementor-flip-box__layer__title\">\n\t\t\t\t\t\t\tPrimers dies (1983 - 1989)\t\t\t\t\t\t<\/h3>\n\t\t\t\t\t\n\t\t\t\t\t\t\t\t\t\t\t<div class=\"elementor-flip-box__layer__description\">\n\t\t\t\t\t\t\tLes primeres activitats relacionades amb la biogeoqu\u00edmica ambiental de les aig\u00fces superficials al CRAM van comen\u00e7ar el 1984 al llac Redon (anomenat Red\u00f3 abans de la revisi\u00f3 de la topon\u00edmia oficial per restaurar els noms locals a finals dels anys noranta). Consistien en un seguiment de dos anys de la qu\u00edmica i les poblacions planct\u00f2niques del llac. Aquest va proporcionar el conjunt de dades utilitzat en la tesi doctoral de Jordi Catalan, supervisada pel professor Margalef, que va ser la primera d'una s\u00e8rie de tesis sobre la limnologia din\u00e0mica pirenaica que s'est\u00e9n fins avui. L'any 1986 es va dur a terme un estudi de la qu\u00edmica de l'aigua de 100 llacs dels Pirineus centrals i orientals espanyols, paral\u00b7lelament a l'estudi de les poblacions de macr\u00f2fits i la flora epil\u00edtica litoral de diatomees com a indicadors de la qualitat de l'aigua. Simult\u00e0niament (per\u00edode 1986-87), la qu\u00edmica de la deposici\u00f3 atmosf\u00e8rica es va estudiar en quatre estacions de mostreig a gran altitud situades al llarg de la mateixa zona.    \t\t\t\t\t\t<\/div>\n\t\t\t\t\t\n\t\t\t\t\t\t\t\t<\/div>\n\t\t<\/div>\n\t\t<\/div>\n\t\t<\/div>\n\t\t\t\t\t\t<\/div>\n\t\t\t\t<div class=\"elementor-element elementor-element-6ec7e56 elementor-flip-box--effect-fade elementor-widget__width-initial elementor-widget elementor-widget-flip-box\" data-id=\"6ec7e56\" data-element_type=\"widget\" data-widget_type=\"flip-box.default\">\n\t\t\t\t\t\t\t<div class=\"elementor-flip-box\" tabindex=\"0\">\n\t\t\t<div class=\"elementor-flip-box__layer elementor-flip-box__front\">\n\t\t\t\t<div class=\"elementor-flip-box__layer__overlay\">\n\t\t\t\t\t<div class=\"elementor-flip-box__layer__inner\">\n\t\t\t\t\t\t\n\t\t\t\t\t\t\t\t\t\t\t\t\t<h3 class=\"elementor-flip-box__layer__title\">\n\t\t\t\t\t\t\t\tNetworking a trav\u00e9s d'Europa (anys 90)\t\t\t\t\t\t\t<\/h3>\n\t\t\t\t\t\t\n\t\t\t\t\t\t\t\t\t\t\t\t\t<div class=\"elementor-flip-box__layer__description\">\n\t\t\t\t\t\t\t\tA principis dels anys 90, els investigadors de CRAM es van convertir en membres d'un consorci d'equips europeus que participaven en diversos projectes finan\u00e7ats per la UE.\t\t\t\t\t\t\t<\/div>\n\t\t\t\t\t\t\t\t\t\t\t<\/div>\n\t\t\t\t<\/div>\n\t\t\t<\/div>\n\t\t\t<div class=\"elementor-flip-box__layer elementor-flip-box__back\">\n\t\t\t<div class=\"elementor-flip-box__layer__overlay\">\n\t\t\t\t<div class=\"elementor-flip-box__layer__inner\">\n\t\t\t\t\t\t\t\t\t\t\t<h3 class=\"elementor-flip-box__layer__title\">\n\t\t\t\t\t\t\tNetworking a trav\u00e9s d'Europa (anys 90)\t\t\t\t\t\t<\/h3>\n\t\t\t\t\t\n\t\t\t\t\t\t\t\t\t\t\t<div class=\"elementor-flip-box__layer__description\">\n\t\t\t\t\t\t\tA principis dels anys 90, els investigadors de CRAM es van convertir en membres d'un consorci d'equips europeus que participaven en diversos projectes finan\u00e7ats per la UE. En aquest marc, es va iniciar una l\u00ednia de recerca que relacionava la din\u00e0mica limnol\u00f2gica amb el forcing clim\u00e0tic i de la contaminaci\u00f3, per tal de desenvolupar el concepte dels llacs d'alta muntanya com a sistemes d'alerta primerenca del canvi global. Amb aquest objectiu, el 1996 es va construir una petita estaci\u00f3 de camp a la vora del llac Redon, substituint una antiga cabana d'emmagatzematge que s'havia instal\u00b7lat pr\u00e8viament. L'estaci\u00f3 de camp estava equipada amb una estaci\u00f3 meteorol\u00f2gica autom\u00e0tica, un registrador de nivell d'aigua i un laboratori de camp amb l'objectiu de registrar par\u00e0metres hidrol\u00f2gics, meteorol\u00f2gics i limnol\u00f2gics rellevants per al monitoratge ambiental. En estreta relaci\u00f3 amb aquesta l\u00ednia de recerca, tamb\u00e9 es van iniciar estudis paleol\u00edmicos per reconstruir la hist\u00f2ria ambiental dels llacs pirinencs.    \t\t\t\t\t\t<\/div>\n\t\t\t\t\t\n\t\t\t\t\t\t\t\t<\/div>\n\t\t<\/div>\n\t\t<\/div>\n\t\t<\/div>\n\t\t\t\t\t\t<\/div>\n\t\t\t\t<div class=\"elementor-element elementor-element-ee77f9b elementor-flip-box--effect-fade elementor-widget__width-initial elementor-widget elementor-widget-flip-box\" data-id=\"ee77f9b\" data-element_type=\"widget\" data-widget_type=\"flip-box.default\">\n\t\t\t\t\t\t\t<div class=\"elementor-flip-box\" tabindex=\"0\">\n\t\t\t<div class=\"elementor-flip-box__layer elementor-flip-box__front\">\n\t\t\t\t<div class=\"elementor-flip-box__layer__overlay\">\n\t\t\t\t\t<div class=\"elementor-flip-box__layer__inner\">\n\t\t\t\t\t\t\n\t\t\t\t\t\t\t\t\t\t\t\t\t<h3 class=\"elementor-flip-box__layer__title\">\n\t\t\t\t\t\t\t\tMonitoratge LOOP cristal\u00b7litza (anys 2000)\t\t\t\t\t\t\t<\/h3>\n\t\t\t\t\t\t\n\t\t\t\t\t\t\t\t\t\t\t\t\t<div class=\"elementor-flip-box__layer__description\">\n\t\t\t\t\t\t\t\tA principis dels anys 2000, es va establir el seguiment a llarg termini dels Pirineus. L'equip es va reorganitzar com a LOOP dins del CEAB-CSIC, formalment reconegut com a Instal\u00b7laci\u00f3 d'Observaci\u00f3. \t\t\t\t\t\t\t<\/div>\n\t\t\t\t\t\t\t\t\t\t\t<\/div>\n\t\t\t\t<\/div>\n\t\t\t<\/div>\n\t\t\t<div class=\"elementor-flip-box__layer elementor-flip-box__back\">\n\t\t\t<div class=\"elementor-flip-box__layer__overlay\">\n\t\t\t\t<div class=\"elementor-flip-box__layer__inner\">\n\t\t\t\t\t\t\t\t\t\t\t<h3 class=\"elementor-flip-box__layer__title\">\n\t\t\t\t\t\t\tMonitoratge LOOP cristal\u00b7litza (anys 2000)\t\t\t\t\t\t<\/h3>\n\t\t\t\t\t\n\t\t\t\t\t\t\t\t\t\t\t<div class=\"elementor-flip-box__layer__description\">\n\t\t\t\t\t\t\tLes obres esmentades fins ara no tenien la intenci\u00f3 de ser un monitoratge real. Tanmateix, van suposar la base per establir el marc d'un monitoratge posterior de la biogeoqu\u00edmica de les aig\u00fces alpines com a indicadors del canvi global i, tot i que de manera intermitent, van proporcionar la primera s\u00e8rie temporal de dades ambientalment rellevants. A principis dels anys 2000, la idea de mantenir aquestes s\u00e8ries i un programa regular i a llarg termini de monitoratge ambiental als Pirineus va prendre tot el seu impuls. Al mateix temps, part dels investigadors de l'equip, que fins aleshores estava format exclusivament per membres del Departament d'Ecologia de la Universitat de Barcelona, es van traslladar al Centre d'Estudis Avan\u00e7ats de Blanes (CEAB-CSIC). Tanmateix, l'equip es va mantenir operatiu unit i es va convertir en una subunitat del Grup Mixt de Limnologia sota la denominaci\u00f3 LOOP. A m\u00e9s, el LOOP ha estat reconegut formalment pel CEAB com una de les seves Instal\u00b7lacions d'Observaci\u00f3.     \t\t\t\t\t\t<\/div>\n\t\t\t\t\t\n\t\t\t\t\t\t\t\t<\/div>\n\t\t<\/div>\n\t\t<\/div>\n\t\t<\/div>\n\t\t\t\t\t\t<\/div>\n\t\t\t\t<div class=\"elementor-element elementor-element-82d6e7e elementor-flip-box--effect-fade elementor-widget__width-initial elementor-widget elementor-widget-flip-box\" data-id=\"82d6e7e\" data-element_type=\"widget\" data-widget_type=\"flip-box.default\">\n\t\t\t\t\t\t\t<div class=\"elementor-flip-box\" tabindex=\"0\">\n\t\t\t<div class=\"elementor-flip-box__layer elementor-flip-box__front\">\n\t\t\t\t<div class=\"elementor-flip-box__layer__overlay\">\n\t\t\t\t\t<div class=\"elementor-flip-box__layer__inner\">\n\t\t\t\t\t\t\n\t\t\t\t\t\t\t\t\t\t\t\t\t<h3 class=\"elementor-flip-box__layer__title\">\n\t\t\t\t\t\t\t\tLOOP i LTER-Aig\u00fcestortes (2008)\t\t\t\t\t\t\t<\/h3>\n\t\t\t\t\t\t\n\t\t\t\t\t\t\t\t\t\t\t\t\t<div class=\"elementor-flip-box__layer__description\">\n\t\t\t\t\t\t\t\tA partir de 2008, el llac Redon i les Aig\u00fcestortes formen nodes LTER clau dins de les xarxes espanyoles, europees i globals.\t\t\t\t\t\t\t<\/div>\n\t\t\t\t\t\t\t\t\t\t\t<\/div>\n\t\t\t\t<\/div>\n\t\t\t<\/div>\n\t\t\t<div class=\"elementor-flip-box__layer elementor-flip-box__back\">\n\t\t\t<div class=\"elementor-flip-box__layer__overlay\">\n\t\t\t\t<div class=\"elementor-flip-box__layer__inner\">\n\t\t\t\t\t\t\t\t\t\t\t<h3 class=\"elementor-flip-box__layer__title\">\n\t\t\t\t\t\t\tLOOP i LTER-Aig\u00fcestortes (2008)\t\t\t\t\t\t<\/h3>\n\t\t\t\t\t\n\t\t\t\t\t\t\t\t\t\t\t<div class=\"elementor-flip-box__layer__description\">\n\t\t\t\t\t\t\tDes de la creaci\u00f3 del LOOP, s'han fet esfor\u00e7os per mantenir i desenvolupar un programa de monitoratge continu. El llac Redon continua sent un dels llocs emblem\u00e0tics d'aquesta recerca ecol\u00f2gica a llarg termini. Per\u00f2 des de 2004, tamb\u00e9 s'han iniciat treballs per ampliar el monitoratge de les aig\u00fces superficials d'alta muntanya des del nivell d'un sol llac fins a tota la conca. Ha estat clau la participaci\u00f3 en el programa de recerca de la Xarxa de Parcs Nacionals d'Espanya i, en particular, la col\u00b7laboraci\u00f3 amb el Parc Nacional Aig\u00fcestortes i Estany de Sant Maurici (AESM). El punt de partida va ser un projecte realitzat el 2004-06 que pretenia definir els protocols de monitoratge per utilitzar una gran conca (la vall de St. Nicolau) al Parc Nacional AESM com a lloc de recerca i monitoratge ecol\u00f2gic a llarg termini, centrant-se en les aig\u00fces superficials com a factor que integra i reflecteix els canvis ambientals a la conca. Des de 2008, el Parc Nacional acull un node de recerca ecol\u00f2gica a llarg termini (LTER-Aig\u00fcestortes) associat a les xarxes LTER-Espanya, LTER-Europe i ILTER, en el qual el LOOP participa juntament amb equips d'altres institucions.     \t\t\t\t\t\t<\/div>\n\t\t\t\t\t\n\t\t\t\t\t\t\t\t<\/div>\n\t\t<\/div>\n\t\t<\/div>\n\t\t<\/div>\n\t\t\t\t\t\t<\/div>\n\t\t\t\t<div class=\"elementor-element elementor-element-210c853 elementor-flip-box--effect-fade elementor-widget__width-initial elementor-widget elementor-widget-flip-box\" data-id=\"210c853\" data-element_type=\"widget\" data-widget_type=\"flip-box.default\">\n\t\t\t\t\t\t\t<div class=\"elementor-flip-box\" tabindex=\"0\">\n\t\t\t<div class=\"elementor-flip-box__layer elementor-flip-box__front\">\n\t\t\t\t<div class=\"elementor-flip-box__layer__overlay\">\n\t\t\t\t\t<div class=\"elementor-flip-box__layer__inner\">\n\t\t\t\t\t\t\n\t\t\t\t\t\t\t\t\t\t\t\t\t<h3 class=\"elementor-flip-box__layer__title\">\n\t\t\t\t\t\t\t\tQuatre d\u00e8cades d'enquestes sin\u00f2ptiques (1975 a 2024)\t\t\t\t\t\t\t<\/h3>\n\t\t\t\t\t\t\n\t\t\t\t\t\t\t\t\t\t\t\t\t<div class=\"elementor-flip-box__layer__description\">\n\t\t\t\t\t\t\t\tLes prospeccions sin\u00f2ptiques de llacs a trav\u00e9s dels Pirineus, iniciades pel professor Margalef el 1975, continuades el 1986, 1994\u201395, 2000, 2011 i 2024, proporcionen una perspectiva multidecenal sobre la limnologia regional i el canvi ambiental.\t\t\t\t\t\t\t<\/div>\n\t\t\t\t\t\t\t\t\t\t\t<\/div>\n\t\t\t\t<\/div>\n\t\t\t<\/div>\n\t\t\t<div class=\"elementor-flip-box__layer elementor-flip-box__back\">\n\t\t\t<div class=\"elementor-flip-box__layer__overlay\">\n\t\t\t\t<div class=\"elementor-flip-box__layer__inner\">\n\t\t\t\t\t\t\t\t\t\t\t<h3 class=\"elementor-flip-box__layer__title\">\n\t\t\t\t\t\t\tQuatre d\u00e8cades d'enquestes sin\u00f2ptiques (1975 a 2024)\t\t\t\t\t\t<\/h3>\n\t\t\t\t\t\n\t\t\t\t\t\t\t\t\t\t\t<div class=\"elementor-flip-box__layer__description\">\n\t\t\t\t\t\t\tTanmateix, l'abast geogr\u00e0fic del LOOP va m\u00e9s enll\u00e0 de l'escala local. Els estudis sin\u00f2ptics de llacs realitzats no nom\u00e9s al Parc Nacional AESM, sin\u00f3 tamb\u00e9 a tota la serra pirenaica, han estat la base per desenvolupar una limnologia pirinenca regional. A m\u00e9s, les enquestes repetides al llarg del temps ofereixen una visi\u00f3 dels canvis ambientals a escala regional. La recollida de dades iniciada per l'enquesta del professor Margalef i col\u00b7laboradors el 1975 s'ha continuat en l'enquesta de 1986 esmentada anteriorment, i en les enquestes posteriors en el marc de diversos projectes els anys 1994-95, 2000, 2011 i 2024, cobrint aix\u00ed un per\u00edode multidecenal.   \t\t\t\t\t\t<\/div>\n\t\t\t\t\t\n\t\t\t\t\t\t\t\t<\/div>\n\t\t<\/div>\n\t\t<\/div>\n\t\t<\/div>\n\t\t\t\t\t\t<\/div>\n\t\t\t\t<div class=\"elementor-element elementor-element-fba9f0e elementor-flip-box--effect-fade elementor-widget__width-initial elementor-widget elementor-widget-flip-box\" data-id=\"fba9f0e\" data-element_type=\"widget\" data-widget_type=\"flip-box.default\">\n\t\t\t\t\t\t\t<div class=\"elementor-flip-box\" tabindex=\"0\">\n\t\t\t<div class=\"elementor-flip-box__layer elementor-flip-box__front\">\n\t\t\t\t<div class=\"elementor-flip-box__layer__overlay\">\n\t\t\t\t\t<div class=\"elementor-flip-box__layer__inner\">\n\t\t\t\t\t\t\n\t\t\t\t\t\t\t\t\t\t\t\t\t<h3 class=\"elementor-flip-box__layer__title\">\n\t\t\t\t\t\t\t\tAdoptar nous enfocaments\t\t\t\t\t\t\t<\/h3>\n\t\t\t\t\t\t\n\t\t\t\t\t\t\t\t\t\t\t\t\t<div class=\"elementor-flip-box__layer__description\">\n\t\t\t\t\t\t\t\tTot mantenint el seu enfocament central i la monitoritzaci\u00f3 a llarg termini, LOOP adopta m\u00e8todes nous com la gen\u00f2mica microbiana, les xarxes de sensors sense fils i la teledetecci\u00f3.\t\t\t\t\t\t\t<\/div>\n\t\t\t\t\t\t\t\t\t\t\t<\/div>\n\t\t\t\t<\/div>\n\t\t\t<\/div>\n\t\t\t<div class=\"elementor-flip-box__layer elementor-flip-box__back\">\n\t\t\t<div class=\"elementor-flip-box__layer__overlay\">\n\t\t\t\t<div class=\"elementor-flip-box__layer__inner\">\n\t\t\t\t\t\t\t\t\t\t\t<h3 class=\"elementor-flip-box__layer__title\">\n\t\t\t\t\t\t\tAdoptar nous enfocaments\t\t\t\t\t\t<\/h3>\n\t\t\t\t\t\n\t\t\t\t\t\t\t\t\t\t\t<div class=\"elementor-flip-box__layer__description\">\n\t\t\t\t\t\t\tTot mantenint el seu enfocament central i la monitoritzaci\u00f3 a llarg termini, LOOP adopta m\u00e8todes nous com la gen\u00f2mica microbiana, les xarxes de sensors sense fils i la teledetecci\u00f3. La gen\u00f2mica microbiana proporciona informaci\u00f3 sobre la diversitat, els rols funcionals i les respostes adaptatives de les comunitats microbianes en ecosistemes aqu\u00e0tics, ajudant a vincular el canvi ambiental amb els processos dels ecosistemes. S'estan integrant xarxes de sensors a trav\u00e9s de llacs, rierols, rius i aig\u00fces subterr\u00e0nies per proporcionar dades cont\u00ednues i d'alta resoluci\u00f3. La teledetecci\u00f3 s'aplica a les propietats \u00f2ptiques de la superf\u00edcie del llac aix\u00ed com a caracter\u00edstiques del paisatge com la cobertura nevada i la fenologia de la vegetaci\u00f3, oferint noves perspectives sobre la din\u00e0mica dels ecosistemes a m\u00faltiples escales.   \t\t\t\t\t\t<\/div>\n\t\t\t\t\t\n\t\t\t\t\t\t\t\t<\/div>\n\t\t<\/div>\n\t\t<\/div>\n\t\t<\/div>\n\t\t\t\t\t\t<\/div>\n\t\t\t\t\t<\/div>\n\t\t\t\t<\/div>\n\t\t\t\t<\/div>\n\t\t","protected":false},"excerpt":{"rendered":"<p>Or\u00edgens L&#8217;antecedent directe del LOOP ha estat el Centre de Recerca d&#8217;Alta Muntanya (CRAM) de la Universitat de Barcelona, inaugurat el 1984 pel professor Ramon Margalef. Des de temps anteriors, el professor Margalef ha estimulat i inspirat el treball limnol\u00f2gic als Pirineus. Als anys 50 va publicar els seus primers estudis sobre pl\u00e0ncton dels llacs [&hellip;]<\/p>\n","protected":false},"author":2,"featured_media":1339,"parent":0,"menu_order":0,"comment_status":"closed","ping_status":"closed","template":"","meta":{"footnotes":""},"class_list":["post-3387","page","type-page","status-publish","has-post-thumbnail","hentry"],"_links":{"self":[{"href":"https:\/\/loopweb.org\/ca\/wp-json\/wp\/v2\/pages\/3387","targetHints":{"allow":["GET"]}}],"collection":[{"href":"https:\/\/loopweb.org\/ca\/wp-json\/wp\/v2\/pages"}],"about":[{"href":"https:\/\/loopweb.org\/ca\/wp-json\/wp\/v2\/types\/page"}],"author":[{"embeddable":true,"href":"https:\/\/loopweb.org\/ca\/wp-json\/wp\/v2\/users\/2"}],"replies":[{"embeddable":true,"href":"https:\/\/loopweb.org\/ca\/wp-json\/wp\/v2\/comments?post=3387"}],"version-history":[{"count":1,"href":"https:\/\/loopweb.org\/ca\/wp-json\/wp\/v2\/pages\/3387\/revisions"}],"predecessor-version":[{"id":3388,"href":"https:\/\/loopweb.org\/ca\/wp-json\/wp\/v2\/pages\/3387\/revisions\/3388"}],"wp:featuredmedia":[{"embeddable":true,"href":"https:\/\/loopweb.org\/ca\/wp-json\/wp\/v2\/media\/1339"}],"wp:attachment":[{"href":"https:\/\/loopweb.org\/ca\/wp-json\/wp\/v2\/media?parent=3387"}],"curies":[{"name":"wp","href":"https:\/\/api.w.org\/{rel}","templated":true}]}}