{"id":3362,"date":"2025-12-05T10:18:23","date_gmt":"2025-12-05T09:18:23","guid":{"rendered":"http:\/\/loopweb.org\/llocs-de-camp\/"},"modified":"2026-01-21T11:23:06","modified_gmt":"2026-01-21T10:23:06","slug":"llocs-de-camp","status":"publish","type":"page","link":"https:\/\/loopweb.org\/ca\/llocs-de-camp\/","title":{"rendered":"Llocs de camp"},"content":{"rendered":"\t\t<div data-elementor-type=\"wp-page\" data-elementor-id=\"3362\" class=\"elementor elementor-3362 elementor-1224\" data-elementor-post-type=\"page\">\n\t\t\t\t<div class=\"elementor-element elementor-element-4d7d2d6 e-flex e-con-boxed e-con e-parent\" data-id=\"4d7d2d6\" data-element_type=\"container\">\n\t\t\t\t\t<div class=\"e-con-inner\">\n\t\t\t\t<div class=\"elementor-element elementor-element-522c5a8 elementor-grid-2 elementor-grid-tablet-2 elementor-grid-mobile-1 elementor-widget elementor-widget-loop-grid\" data-id=\"522c5a8\" data-element_type=\"widget\" data-settings=\"{&quot;template_id&quot;:3519,&quot;columns&quot;:2,&quot;row_gap&quot;:{&quot;unit&quot;:&quot;px&quot;,&quot;size&quot;:100,&quot;sizes&quot;:[]},&quot;_skin&quot;:&quot;post&quot;,&quot;columns_tablet&quot;:&quot;2&quot;,&quot;columns_mobile&quot;:&quot;1&quot;,&quot;edit_handle_selector&quot;:&quot;[data-elementor-type=\\&quot;loop-item\\&quot;]&quot;,&quot;row_gap_tablet&quot;:{&quot;unit&quot;:&quot;px&quot;,&quot;size&quot;:&quot;&quot;,&quot;sizes&quot;:[]},&quot;row_gap_mobile&quot;:{&quot;unit&quot;:&quot;px&quot;,&quot;size&quot;:&quot;&quot;,&quot;sizes&quot;:[]}}\" data-widget_type=\"loop-grid.post\">\n\t\t\t\t<div class=\"elementor-widget-container\">\n\t\t\t\t\t\t\t<div class=\"elementor-loop-container elementor-grid\" role=\"list\">\n\t\t<style id=\"loop-3519\">.elementor-3519 .elementor-element.elementor-element-bdd70dd{--display:flex;--min-height:600px;--justify-content:flex-start;--padding-top:0px;--padding-bottom:0px;--padding-left:0px;--padding-right:0px;}.elementor-3519 .elementor-element.elementor-element-2ad038f .elementor-heading-title{font-family:var( --e-global-typography-secondary-font-family ), Sans-serif;font-size:var( --e-global-typography-secondary-font-size );font-weight:var( --e-global-typography-secondary-font-weight );}.elementor-3519 .elementor-element.elementor-element-2cd435c .elementor-flip-box__front{background-color:var( --e-global-color-eeaa1b6 );background-position:center center;background-repeat:no-repeat;background-size:cover;}.elementor-3519 .elementor-element.elementor-element-2cd435c .elementor-flip-box__back{background-color:var( --e-global-color-eeaa1b6 );background-position:center center;background-repeat:no-repeat;background-size:cover;}.elementor-3519 .elementor-element.elementor-element-2cd435c .elementor-flip-box{height:500px;}.elementor-3519 .elementor-element.elementor-element-2cd435c .elementor-flip-box__layer, .elementor-3519 .elementor-element.elementor-element-2cd435c .elementor-flip-box__layer__overlay{border-radius:5px;}.elementor-3519 .elementor-element.elementor-element-2cd435c .elementor-flip-box__back .elementor-flip-box__layer__overlay{background-color:#263935C7;padding:50px 50px 50px 50px;text-align:start;justify-content:center;}.elementor-3519 .elementor-element.elementor-element-2cd435c .elementor-flip-box__button{margin-inline-start:0;font-family:var( --e-global-typography-ce63ec8-font-family ), Sans-serif;font-size:var( --e-global-typography-ce63ec8-font-size );font-weight:var( --e-global-typography-ce63ec8-font-weight );text-decoration:var( --e-global-typography-ce63ec8-text-decoration );line-height:var( --e-global-typography-ce63ec8-line-height );letter-spacing:var( --e-global-typography-ce63ec8-letter-spacing );word-spacing:var( --e-global-typography-ce63ec8-word-spacing );color:var( --e-global-color-5e08682 );border-color:var( --e-global-color-eeaa1b6 );border-width:0px;border-radius:0px;}.elementor-3519 .elementor-element.elementor-element-2cd435c .elementor-flip-box__button:hover{color:var( --e-global-color-accent );}@media(max-width:1024px){.elementor-3519 .elementor-element.elementor-element-2ad038f .elementor-heading-title{font-size:var( --e-global-typography-secondary-font-size );}.elementor-3519 .elementor-element.elementor-element-2cd435c .elementor-flip-box{height:450px;}.elementor-3519 .elementor-element.elementor-element-2cd435c .elementor-flip-box__back .elementor-flip-box__layer__overlay{padding:20px 20px 20px 20px;}.elementor-3519 .elementor-element.elementor-element-2cd435c .elementor-flip-box__button{font-size:var( --e-global-typography-ce63ec8-font-size );line-height:var( --e-global-typography-ce63ec8-line-height );letter-spacing:var( --e-global-typography-ce63ec8-letter-spacing );word-spacing:var( --e-global-typography-ce63ec8-word-spacing );}}@media(max-width:767px){.elementor-3519 .elementor-element.elementor-element-2ad038f .elementor-heading-title{font-size:var( --e-global-typography-secondary-font-size );}.elementor-3519 .elementor-element.elementor-element-2cd435c .elementor-flip-box__button{font-size:var( --e-global-typography-ce63ec8-font-size );line-height:var( --e-global-typography-ce63ec8-line-height );letter-spacing:var( --e-global-typography-ce63ec8-letter-spacing );word-spacing:var( --e-global-typography-ce63ec8-word-spacing );}}<\/style>\t\t<div data-elementor-type=\"loop-item\" data-elementor-id=\"3519\" class=\"elementor elementor-3519 elementor-1834 e-loop-item e-loop-item-3588 post-3588 sites type-sites status-publish has-post-thumbnail hentry\" data-elementor-post-type=\"elementor_library\" data-custom-edit-handle=\"1\">\n\t\t\t<div class=\"elementor-element elementor-element-bdd70dd e-flex e-con-boxed e-con e-parent\" data-id=\"bdd70dd\" data-element_type=\"container\">\n\t\t\t\t\t<div class=\"e-con-inner\">\n\t\t\t\t<div class=\"elementor-element elementor-element-2ad038f elementor-widget elementor-widget-theme-post-title elementor-page-title elementor-widget-heading\" data-id=\"2ad038f\" data-element_type=\"widget\" data-widget_type=\"theme-post-title.default\">\n\t\t\t\t\t<h1 class=\"elementor-heading-title elementor-size-default\">Llac Redon<\/h1>\t\t\t\t<\/div>\n\t\t\t\t<div class=\"elementor-element elementor-element-2cd435c elementor-flip-box--effect-fade elementor-widget elementor-widget-flip-box\" data-id=\"2cd435c\" data-element_type=\"widget\" data-widget_type=\"flip-box.default\">\n\t\t\t\t\t\t\t<div class=\"elementor-flip-box\" tabindex=\"0\">\n\t\t\t<div class=\"elementor-flip-box__layer elementor-flip-box__front\">\n\t\t\t\t<div class=\"elementor-flip-box__layer__overlay\">\n\t\t\t\t\t<div class=\"elementor-flip-box__layer__inner\">\n\t\t\t\t\t\t\n\t\t\t\t\t\t\n\t\t\t\t\t\t\t\t\t\t\t<\/div>\n\t\t\t\t<\/div>\n\t\t\t<\/div>\n\t\t\t<div class=\"elementor-flip-box__layer elementor-flip-box__back\">\n\t\t\t<div class=\"elementor-flip-box__layer__overlay\">\n\t\t\t\t<div class=\"elementor-flip-box__layer__inner\">\n\t\t\t\t\t\n\t\t\t\t\t\t\t\t\t\t\t<div class=\"elementor-flip-box__layer__description\">\n\t\t\t\t\t\t\tEl llac Redon (anteriorment anomenat Red\u00f3) ha estat el principal lloc de recerca del LOOP des de 1984 i \u00e9s un dels llacs alpins m\u00e9s estudiats del m\u00f3n. Situat als Pirineus a 2240 m d'altitud, ha estat monitoritzat cont\u00ednuament durant gaireb\u00e9 30 anys, amb estudis extensos sobre la seva limnologia, interaccions clim\u00e0tiques i canvis ambientals. La recerca all\u00e0 ha avan\u00e7at la comprensi\u00f3 del canvi global, la contaminaci\u00f3 i la din\u00e0mica dels ecosistemes durant els darrers 10.000 anys.  \t\t\t\t\t\t<\/div>\n\t\t\t\t\t\n\t\t\t\t\t\t\t\t\t\t\t<a class=\"elementor-flip-box__button elementor-button elementor-size-sm\" href=\"https:\/\/loopweb.org\/ca\/?sites=llac-redon\">\n\t\t\t\t\t\t\tSABER-NE M\u00c9S\t\t\t\t\t\t<\/a>\n\t\t\t\t\t\t\t\t<\/div>\n\t\t<\/div>\n\t\t<\/div>\n\t\t<\/div>\n\t\t\t\t\t\t<\/div>\n\t\t\t\t\t<\/div>\n\t\t\t\t<\/div>\n\t\t\t\t<\/div>\n\t\t\t\t<div data-elementor-type=\"loop-item\" data-elementor-id=\"3519\" class=\"elementor elementor-3519 elementor-1834 e-loop-item e-loop-item-3587 post-3587 sites type-sites status-publish has-post-thumbnail hentry\" data-elementor-post-type=\"elementor_library\" data-custom-edit-handle=\"1\">\n\t\t\t<div class=\"elementor-element elementor-element-bdd70dd e-flex e-con-boxed e-con e-parent\" data-id=\"bdd70dd\" data-element_type=\"container\">\n\t\t\t\t\t<div class=\"e-con-inner\">\n\t\t\t\t<div class=\"elementor-element elementor-element-2ad038f elementor-widget elementor-widget-theme-post-title elementor-page-title elementor-widget-heading\" data-id=\"2ad038f\" data-element_type=\"widget\" data-widget_type=\"theme-post-title.default\">\n\t\t\t\t\t<h1 class=\"elementor-heading-title elementor-size-default\">Pleta de Moli\u00e8res Peatland<\/h1>\t\t\t\t<\/div>\n\t\t\t\t<div class=\"elementor-element elementor-element-2cd435c elementor-flip-box--effect-fade elementor-widget elementor-widget-flip-box\" data-id=\"2cd435c\" data-element_type=\"widget\" data-widget_type=\"flip-box.default\">\n\t\t\t\t\t\t\t<div class=\"elementor-flip-box\" tabindex=\"0\">\n\t\t\t<div class=\"elementor-flip-box__layer elementor-flip-box__front\">\n\t\t\t\t<div class=\"elementor-flip-box__layer__overlay\">\n\t\t\t\t\t<div class=\"elementor-flip-box__layer__inner\">\n\t\t\t\t\t\t\n\t\t\t\t\t\t\n\t\t\t\t\t\t\t\t\t\t\t<\/div>\n\t\t\t\t<\/div>\n\t\t\t<\/div>\n\t\t\t<div class=\"elementor-flip-box__layer elementor-flip-box__back\">\n\t\t\t<div class=\"elementor-flip-box__layer__overlay\">\n\t\t\t\t<div class=\"elementor-flip-box__layer__inner\">\n\t\t\t\t\t\n\t\t\t\t\t\t\t\t\t\t\t<div class=\"elementor-flip-box__layer__description\">\n\t\t\t\t\t\t\tLa torbera de la Pleta dels Moli\u00e8res, situada al centre dels Pirineus prop de Vielha, \u00e9s una de les zones humides \u00e0cides m\u00e9s representatives de la regi\u00f3. Formada sobre granit a 1.720 m d'altitud, acull diversos h\u00e0bitats formadors de torba i juga un paper clau en la regulaci\u00f3 dels cicles del carboni, nutrients i de l'aigua. La seva hidrologia \u00fanica la converteix en un lloc valu\u00f3s per estudiar com responen les torberes de muntanya al canvi ambiental.  \t\t\t\t\t\t<\/div>\n\t\t\t\t\t\n\t\t\t\t\t\t\t\t\t\t\t<a class=\"elementor-flip-box__button elementor-button elementor-size-sm\" href=\"https:\/\/loopweb.org\/ca\/?sites=pleta-de-molieres-peatland\">\n\t\t\t\t\t\t\tSABER-NE M\u00c9S\t\t\t\t\t\t<\/a>\n\t\t\t\t\t\t\t\t<\/div>\n\t\t<\/div>\n\t\t<\/div>\n\t\t<\/div>\n\t\t\t\t\t\t<\/div>\n\t\t\t\t\t<\/div>\n\t\t\t\t<\/div>\n\t\t\t\t<\/div>\n\t\t\t\t<div data-elementor-type=\"loop-item\" data-elementor-id=\"3519\" class=\"elementor elementor-3519 elementor-1834 e-loop-item e-loop-item-3586 post-3586 sites type-sites status-publish has-post-thumbnail hentry\" data-elementor-post-type=\"elementor_library\" data-custom-edit-handle=\"1\">\n\t\t\t<div class=\"elementor-element elementor-element-bdd70dd e-flex e-con-boxed e-con e-parent\" data-id=\"bdd70dd\" data-element_type=\"container\">\n\t\t\t\t\t<div class=\"e-con-inner\">\n\t\t\t\t<div class=\"elementor-element elementor-element-2ad038f elementor-widget elementor-widget-theme-post-title elementor-page-title elementor-widget-heading\" data-id=\"2ad038f\" data-element_type=\"widget\" data-widget_type=\"theme-post-title.default\">\n\t\t\t\t\t<h1 class=\"elementor-heading-title elementor-size-default\">Parc Nacional Aig\u00fcestortes i Estany de Sant Maurici<\/h1>\t\t\t\t<\/div>\n\t\t\t\t<div class=\"elementor-element elementor-element-2cd435c elementor-flip-box--effect-fade elementor-widget elementor-widget-flip-box\" data-id=\"2cd435c\" data-element_type=\"widget\" data-widget_type=\"flip-box.default\">\n\t\t\t\t\t\t\t<div class=\"elementor-flip-box\" tabindex=\"0\">\n\t\t\t<div class=\"elementor-flip-box__layer elementor-flip-box__front\">\n\t\t\t\t<div class=\"elementor-flip-box__layer__overlay\">\n\t\t\t\t\t<div class=\"elementor-flip-box__layer__inner\">\n\t\t\t\t\t\t\n\t\t\t\t\t\t\n\t\t\t\t\t\t\t\t\t\t\t<\/div>\n\t\t\t\t<\/div>\n\t\t\t<\/div>\n\t\t\t<div class=\"elementor-flip-box__layer elementor-flip-box__back\">\n\t\t\t<div class=\"elementor-flip-box__layer__overlay\">\n\t\t\t\t<div class=\"elementor-flip-box__layer__inner\">\n\t\t\t\t\t\n\t\t\t\t\t\t\t\t\t\t\t<div class=\"elementor-flip-box__layer__description\">\n\t\t\t\t\t\t\tEl Parc Nacional Aig\u00fcestortes i Estany de Sant Maurici, l'\u00fanic parc nacional de Catalunya, \u00e9s un dels ecosistemes alpins millor conservats de la Pen\u00ednsula Ib\u00e8rica, amb m\u00e9s de 200 llacs i una gran biodiversitat. El LOOP hi ha dut a terme una recerca ecol\u00f2gica a llarg termini des del 2004, centrant-se en la vall de Sant Nicolau, un lloc experimental per estudiar la hidrologia, la biogeoqu\u00edmica i els impactes del canvi clim\u00e0tic en entorns d'alta muntanya mitjan\u00e7ant xarxes avan\u00e7ades de sensors i programes de monitoratge de l'aigua. \t\t\t\t\t\t<\/div>\n\t\t\t\t\t\n\t\t\t\t\t\t\t\t\t\t\t<a class=\"elementor-flip-box__button elementor-button elementor-size-sm\" href=\"https:\/\/loopweb.org\/ca\/?sites=parc-nacional-aiguestortes-i-estany-de-sant-maurici\">\n\t\t\t\t\t\t\tSABER-NE M\u00c9S\t\t\t\t\t\t<\/a>\n\t\t\t\t\t\t\t\t<\/div>\n\t\t<\/div>\n\t\t<\/div>\n\t\t<\/div>\n\t\t\t\t\t\t<\/div>\n\t\t\t\t\t<\/div>\n\t\t\t\t<\/div>\n\t\t\t\t<\/div>\n\t\t\t\t<div data-elementor-type=\"loop-item\" data-elementor-id=\"3519\" class=\"elementor elementor-3519 elementor-1834 e-loop-item e-loop-item-3585 post-3585 sites type-sites status-publish has-post-thumbnail hentry\" data-elementor-post-type=\"elementor_library\" data-custom-edit-handle=\"1\">\n\t\t\t<div class=\"elementor-element elementor-element-bdd70dd e-flex e-con-boxed e-con e-parent\" data-id=\"bdd70dd\" data-element_type=\"container\">\n\t\t\t\t\t<div class=\"e-con-inner\">\n\t\t\t\t<div class=\"elementor-element elementor-element-2ad038f elementor-widget elementor-widget-theme-post-title elementor-page-title elementor-widget-heading\" data-id=\"2ad038f\" data-element_type=\"widget\" data-widget_type=\"theme-post-title.default\">\n\t\t\t\t\t<h1 class=\"elementor-heading-title elementor-size-default\">Districte dels Llacs dels Pirineus<\/h1>\t\t\t\t<\/div>\n\t\t\t\t<div class=\"elementor-element elementor-element-2cd435c elementor-flip-box--effect-fade elementor-widget elementor-widget-flip-box\" data-id=\"2cd435c\" data-element_type=\"widget\" data-widget_type=\"flip-box.default\">\n\t\t\t\t\t\t\t<div class=\"elementor-flip-box\" tabindex=\"0\">\n\t\t\t<div class=\"elementor-flip-box__layer elementor-flip-box__front\">\n\t\t\t\t<div class=\"elementor-flip-box__layer__overlay\">\n\t\t\t\t\t<div class=\"elementor-flip-box__layer__inner\">\n\t\t\t\t\t\t\n\t\t\t\t\t\t\n\t\t\t\t\t\t\t\t\t\t\t<\/div>\n\t\t\t\t<\/div>\n\t\t\t<\/div>\n\t\t\t<div class=\"elementor-flip-box__layer elementor-flip-box__back\">\n\t\t\t<div class=\"elementor-flip-box__layer__overlay\">\n\t\t\t\t<div class=\"elementor-flip-box__layer__inner\">\n\t\t\t\t\t\n\t\t\t\t\t\t\t\t\t\t\t<div class=\"elementor-flip-box__layer__description\">\n\t\t\t\t\t\t\tEl Districte dels Llacs dels Pirineus, amb m\u00e9s d'un miler de llacs alpins que abasten diverses zones geol\u00f2giques i clim\u00e0tiques, \u00e9s una de les regions lacustres de muntanya m\u00e9s riques d'Europa. Les seves condicions variades el converteixen en un laboratori natural per estudiar com els factors ambientals i humans modelen els ecosistemes alpins. El LOOP ha estudiat aquests llacs des de 1987, construint una base de dades de m\u00e9s de 500 llocs per fer un seguiment dels canvis ecol\u00f2gics a llarg termini.\t\t\t\t\t\t<\/div>\n\t\t\t\t\t\n\t\t\t\t\t\t\t\t\t\t\t<a class=\"elementor-flip-box__button elementor-button elementor-size-sm\" href=\"https:\/\/loopweb.org\/ca\/?sites=districte-dels-llacs-dels-pirineus\">\n\t\t\t\t\t\t\tSABER-NE M\u00c9S\t\t\t\t\t\t<\/a>\n\t\t\t\t\t\t\t\t<\/div>\n\t\t<\/div>\n\t\t<\/div>\n\t\t<\/div>\n\t\t\t\t\t\t<\/div>\n\t\t\t\t\t<\/div>\n\t\t\t\t<\/div>\n\t\t\t\t<\/div>\n\t\t\t\t<\/div>\n\t\t\n\t\t\t\t\t\t<\/div>\n\t\t\t\t<\/div>\n\t\t\t\t\t<\/div>\n\t\t\t\t<\/div>\n\t\t\t\t<\/div>\n\t\t","protected":false},"excerpt":{"rendered":"","protected":false},"author":2,"featured_media":1430,"parent":0,"menu_order":0,"comment_status":"closed","ping_status":"closed","template":"","meta":{"footnotes":""},"class_list":["post-3362","page","type-page","status-publish","has-post-thumbnail","hentry"],"_links":{"self":[{"href":"https:\/\/loopweb.org\/ca\/wp-json\/wp\/v2\/pages\/3362","targetHints":{"allow":["GET"]}}],"collection":[{"href":"https:\/\/loopweb.org\/ca\/wp-json\/wp\/v2\/pages"}],"about":[{"href":"https:\/\/loopweb.org\/ca\/wp-json\/wp\/v2\/types\/page"}],"author":[{"embeddable":true,"href":"https:\/\/loopweb.org\/ca\/wp-json\/wp\/v2\/users\/2"}],"replies":[{"embeddable":true,"href":"https:\/\/loopweb.org\/ca\/wp-json\/wp\/v2\/comments?post=3362"}],"version-history":[{"count":1,"href":"https:\/\/loopweb.org\/ca\/wp-json\/wp\/v2\/pages\/3362\/revisions"}],"predecessor-version":[{"id":3363,"href":"https:\/\/loopweb.org\/ca\/wp-json\/wp\/v2\/pages\/3362\/revisions\/3363"}],"wp:featuredmedia":[{"embeddable":true,"href":"https:\/\/loopweb.org\/ca\/wp-json\/wp\/v2\/media\/1430"}],"wp:attachment":[{"href":"https:\/\/loopweb.org\/ca\/wp-json\/wp\/v2\/media?parent=3362"}],"curies":[{"name":"wp","href":"https:\/\/api.w.org\/{rel}","templated":true}]}}