{"id":3356,"date":"2025-12-05T10:19:26","date_gmt":"2025-12-05T09:19:26","guid":{"rendered":"http:\/\/loopweb.org\/visor-de-dades\/"},"modified":"2026-01-21T11:01:19","modified_gmt":"2026-01-21T10:01:19","slug":"visor-de-dades","status":"publish","type":"page","link":"https:\/\/loopweb.org\/ca\/visor-de-dades\/","title":{"rendered":"Visor de dades"},"content":{"rendered":"\t\t<div data-elementor-type=\"wp-page\" data-elementor-id=\"3356\" class=\"elementor elementor-3356 elementor-1230\" data-elementor-post-type=\"page\">\n\t\t\t\t<div class=\"elementor-element elementor-element-faa163f e-con-full e-flex e-con e-parent\" data-id=\"faa163f\" data-element_type=\"container\" data-settings=\"{&quot;background_background&quot;:&quot;classic&quot;}\">\n\t\t<div class=\"elementor-element elementor-element-620b9ba e-flex e-con-boxed e-con e-child\" data-id=\"620b9ba\" data-element_type=\"container\">\n\t\t\t\t\t<div class=\"e-con-inner\">\n\t\t\t\t<div class=\"elementor-element elementor-element-32aeff5 elementor-widget elementor-widget-heading\" data-id=\"32aeff5\" data-element_type=\"widget\" data-widget_type=\"heading.default\">\n\t\t\t\t\t<h2 class=\"elementor-heading-title elementor-size-default\">Benvingut al visor de dades!<\/h2>\t\t\t\t<\/div>\n\t\t\t\t<div class=\"elementor-element elementor-element-e5f7e11 elementor-widget elementor-widget-text-editor\" data-id=\"e5f7e11\" data-element_type=\"widget\" data-widget_type=\"text-editor.default\">\n\t\t\t\t\t\t\t\t\t<p><span style=\"font-weight: 400;\">Benvingut al visor de dades! Explora, visualitza i descarrega dades de mostres i sensors enregistrades durant 2 anys de diversos transects de corrents de terra al Parc Nacional d&#8217;Aiguestortes i Estany de Sant Maurici (situat als Pirineus espanyols).  <\/span><\/p><p><span style=\"font-weight: 400;\"><strong>Per visualitzar la s\u00e8rie temporal, cal seleccionar l&#8217;estaci\u00f3, el tipus d&#8217;ecosistema (atmosfera, s\u00f2l o riu) i una variable al panell de selecci\u00f3 de l&#8217;esquerra.<\/strong>  Les ubicacions precises de les estacions es poden trobar al mapa sota el panell de selecci\u00f3. Per a una descripci\u00f3 m\u00e9s detallada de cada variable, feu clic a la icona de signe d&#8217;interrogaci\u00f3 al costat de la variable al panell de selecci\u00f3.<\/span><\/p><p><span style=\"font-weight: 400;\">El projecte que va donar lloc a aquestes dades va rebre el suport d&#8217;una beca postdoctoral Junior Leader de la Fundaci\u00f3 &#8220;la Caixa&#8221; (ID 100010434) i del programa de recerca i innovaci\u00f3 Horizon 2020 de la Uni\u00f3 Europea sota l&#8217;acord de subvenci\u00f3 Marie Sk\u0142odowska Curie n\u00fam. 847648.<\/span><\/p>\t\t\t\t\t\t\t\t<\/div>\n\t\t\t\t<div class=\"elementor-element elementor-element-4227bcd elementor-align-left elementor-widget elementor-widget-button\" data-id=\"4227bcd\" data-element_type=\"widget\" data-widget_type=\"button.default\">\n\t\t\t\t\t\t\t\t\t\t<a class=\"elementor-button elementor-button-link elementor-size-sm elementor-animation-grow\" href=\"https:\/\/loopdata.org\/\" target=\"_blank\">\n\t\t\t\t\t\t<span class=\"elementor-button-content-wrapper\">\n\t\t\t\t\t\t<span class=\"elementor-button-icon\">\n\t\t\t\t<svg xmlns=\"http:\/\/www.w3.org\/2000\/svg\" width=\"27\" height=\"27\" viewBox=\"0 0 27 27\" fill=\"none\"><circle cx=\"13.5\" cy=\"13.5\" r=\"13.5\" fill=\"black\"><\/circle><path d=\"M23.3536 14.3536C23.5488 14.1583 23.5488 13.8417 23.3536 13.6464L20.1716 10.4645C19.9763 10.2692 19.6597 10.2692 19.4645 10.4645C19.2692 10.6597 19.2692 10.9763 19.4645 11.1716L22.2929 14L19.4645 16.8284C19.2692 17.0237 19.2692 17.3403 19.4645 17.5355C19.6597 17.7308 19.9763 17.7308 20.1716 17.5355L23.3536 14.3536ZM5 14V14.5H23V14V13.5H5V14Z\" fill=\"white\"><\/path><\/svg>\t\t\t<\/span>\n\t\t\t\t\t\t\t\t\t<span class=\"elementor-button-text\">EXPLORA EL NOSTRE VISOR DE DADES<\/span>\n\t\t\t\t\t<\/span>\n\t\t\t\t\t<\/a>\n\t\t\t\t\t\t\t\t<\/div>\n\t\t\t\t\t<\/div>\n\t\t\t\t<\/div>\n\t\t\t\t<\/div>\n\t\t\t\t<\/div>\n\t\t","protected":false},"excerpt":{"rendered":"<p>Benvingut al visor de dades! Benvingut al visor de dades! Explora, visualitza i descarrega dades de mostres i sensors enregistrades durant 2 anys de diversos transects de corrents de terra al Parc Nacional d&#8217;Aiguestortes i Estany de Sant Maurici (situat als Pirineus espanyols). Per visualitzar la s\u00e8rie temporal, cal seleccionar l&#8217;estaci\u00f3, el tipus d&#8217;ecosistema (atmosfera, [&hellip;]<\/p>\n","protected":false},"author":2,"featured_media":1622,"parent":0,"menu_order":0,"comment_status":"closed","ping_status":"closed","template":"","meta":{"footnotes":""},"class_list":["post-3356","page","type-page","status-publish","has-post-thumbnail","hentry"],"_links":{"self":[{"href":"https:\/\/loopweb.org\/ca\/wp-json\/wp\/v2\/pages\/3356","targetHints":{"allow":["GET"]}}],"collection":[{"href":"https:\/\/loopweb.org\/ca\/wp-json\/wp\/v2\/pages"}],"about":[{"href":"https:\/\/loopweb.org\/ca\/wp-json\/wp\/v2\/types\/page"}],"author":[{"embeddable":true,"href":"https:\/\/loopweb.org\/ca\/wp-json\/wp\/v2\/users\/2"}],"replies":[{"embeddable":true,"href":"https:\/\/loopweb.org\/ca\/wp-json\/wp\/v2\/comments?post=3356"}],"version-history":[{"count":1,"href":"https:\/\/loopweb.org\/ca\/wp-json\/wp\/v2\/pages\/3356\/revisions"}],"predecessor-version":[{"id":3357,"href":"https:\/\/loopweb.org\/ca\/wp-json\/wp\/v2\/pages\/3356\/revisions\/3357"}],"wp:featuredmedia":[{"embeddable":true,"href":"https:\/\/loopweb.org\/ca\/wp-json\/wp\/v2\/media\/1622"}],"wp:attachment":[{"href":"https:\/\/loopweb.org\/ca\/wp-json\/wp\/v2\/media?parent=3356"}],"curies":[{"name":"wp","href":"https:\/\/api.w.org\/{rel}","templated":true}]}}