{"id":3352,"date":"2025-12-04T16:49:39","date_gmt":"2025-12-04T15:49:39","guid":{"rendered":"http:\/\/loopweb.org\/bucle-breu\/"},"modified":"2026-01-16T13:54:36","modified_gmt":"2026-01-16T12:54:36","slug":"loop-resumidament","status":"publish","type":"page","link":"https:\/\/loopweb.org\/ca\/loop-resumidament\/","title":{"rendered":"Loop resumidament"},"content":{"rendered":"\t\t<div data-elementor-type=\"wp-page\" data-elementor-id=\"3352\" class=\"elementor elementor-3352 elementor-1200\" data-elementor-post-type=\"page\">\n\t\t\t\t<div class=\"elementor-element elementor-element-4b92d73 e-flex e-con-boxed e-con e-parent\" data-id=\"4b92d73\" data-element_type=\"container\" data-settings=\"{&quot;background_background&quot;:&quot;classic&quot;}\">\n\t\t\t\t\t<div class=\"e-con-inner\">\n\t\t<div class=\"elementor-element elementor-element-3265dc5 e-con-full e-flex e-con e-child\" data-id=\"3265dc5\" data-element_type=\"container\">\n\t\t\t\t<div class=\"elementor-element elementor-element-753be74 elementor-widget elementor-widget-heading\" data-id=\"753be74\" data-element_type=\"widget\" data-widget_type=\"heading.default\">\n\t\t\t\t\t<h2 class=\"elementor-heading-title elementor-size-default\">L'Observatori Limnol\u00f2gic dels Pirineus (LOOP) \u00e9s una iniciativa conjunta entre la Universitat de Barcelona (UB), el Centre d'Investigaci\u00f3 Ecol\u00f2gica i Aplicacions Forestals (CREAF), el Centre Blanes d'Estudis Avan\u00e7ats (CEAB-CSIC) i l'Institut de Diagn\u00f2stic Ambiental i Estudis de l'Aigua (IDAEA-CSIC), que investiga com les aig\u00fces dolces de muntanya dels Pirineus responen al canvi ambiental global i els seus impactes en l'\u00e0mbit hidrol\u00f2gic,  processos ecol\u00f2gics i biogeoqu\u00edmics.<\/h2>\t\t\t\t<\/div>\n\t\t\t\t<div class=\"elementor-element elementor-element-57b45f6 elementor-widget elementor-widget-text-editor\" data-id=\"57b45f6\" data-element_type=\"widget\" data-widget_type=\"text-editor.default\">\n\t\t\t\t\t\t\t\t\t<p><span class=\"il\">El LOOP<\/span> gestiona una instal\u00b7laci\u00f3 d&#8217;observaci\u00f3 cient\u00edfica als Pirineus Centrals, prop del Parc Nacional Aig\u00fcestortes i Estany de Sant Maurici. La infraestructura inclou una estaci\u00f3 de camp i diverses conques experimentals instrumentades equipades amb estacions meteorol\u00f2giques autom\u00e0tiques, man\u00f2metres de desc\u00e0rrega i piez\u00f2metres d&#8217;aig\u00fces subterr\u00e0nies. En llacs, rius i llocs d&#8217;aigua subterr\u00e0nia, <strong>les plataformes multisensor permeten un monitoratge continu i d&#8217;alta resoluci\u00f3 de propietats f\u00edsiques i biogeoqu\u00edmiques.<\/strong> A m\u00e9s, es <strong>visita regularment una xarxa d&#8217;estacions de mostreig<\/strong> per recollir mostres qu\u00edmiques i biol\u00f2giques a freq\u00fc\u00e8ncies que van des de quinzenals fins a estacionals. Actualment, la xarxa de mostreig compr\u00e8n vuit rierols, catorze llacs i dos recollidors de deposici\u00f3 atmosf\u00e8rica per a la qu\u00edmica de l&#8217;aigua, aix\u00ed com quatre rierols i un llac per a la monitoritzaci\u00f3 biol\u00f2gica.   <\/p><p><strong>El monitoratge limnol\u00f2gic m\u00e9s detallat es realitza al llac Redon<\/strong>, on la columna d&#8217;aigua es mostra mensualment a diverses profunditats per a determinacions qu\u00edmiques i biol\u00f2giques. Una petita cabana amb laboratori, dormitori i cuina es va instal\u00b7lar a la vora del llac per facilitar el treball de camp i l&#8217;experimentaci\u00f3 in situ. A m\u00e9s de la monitoritzaci\u00f3 basada en els llocs, <strong>realitzem enquestes sin\u00f2ptiques a tota la serra pirenaica <\/strong><strong>a intervals decen\u00e7als<\/strong>. Aquest treball pret\u00e9n compilar s\u00e8ries de dades a llarg termini sobre les aig\u00fces superficials com a indicadors dels processos ecol\u00f2gics i biogeoqu\u00edmics que tenen lloc a les conques pirenaiques i les seves respostes al canvi ambiental global. <strong>Tamb\u00e9 duguem a terme projectes de recerca a curt<\/strong> termini (entre 1 i 5 anys) que es beneficien del marc de dades, m\u00e8todes i instal\u00b7lacions proporcionats pel monitoratge. Aquests projectes inclouen estudis paleolol\u00f2gics que amplien la nostra s\u00e8rie de dades molts anys enrere. Juntes, aquestes activitats constitueixen el nostre programa de recerca ecol\u00f2gica a llarg termini     <\/p>\t\t\t\t\t\t\t\t<\/div>\n\t\t\t\t<\/div>\n\t\t\t\t\t<\/div>\n\t\t\t\t<\/div>\n\t\t\t\t<\/div>\n\t\t","protected":false},"excerpt":{"rendered":"<p>L&#8217;Observatori Limnol\u00f2gic dels Pirineus (LOOP) \u00e9s una iniciativa conjunta entre la Universitat de Barcelona (UB), el Centre d&#8217;Investigaci\u00f3 Ecol\u00f2gica i Aplicacions Forestals (CREAF), el Centre Blanes d&#8217;Estudis Avan\u00e7ats (CEAB-CSIC) i l&#8217;Institut de Diagn\u00f2stic Ambiental i Estudis de l&#8217;Aigua (IDAEA-CSIC), que investiga com les aig\u00fces dolces de muntanya dels Pirineus responen al canvi ambiental global i [&hellip;]<\/p>\n","protected":false},"author":2,"featured_media":1467,"parent":0,"menu_order":0,"comment_status":"closed","ping_status":"closed","template":"","meta":{"footnotes":""},"class_list":["post-3352","page","type-page","status-publish","has-post-thumbnail","hentry"],"_links":{"self":[{"href":"https:\/\/loopweb.org\/ca\/wp-json\/wp\/v2\/pages\/3352","targetHints":{"allow":["GET"]}}],"collection":[{"href":"https:\/\/loopweb.org\/ca\/wp-json\/wp\/v2\/pages"}],"about":[{"href":"https:\/\/loopweb.org\/ca\/wp-json\/wp\/v2\/types\/page"}],"author":[{"embeddable":true,"href":"https:\/\/loopweb.org\/ca\/wp-json\/wp\/v2\/users\/2"}],"replies":[{"embeddable":true,"href":"https:\/\/loopweb.org\/ca\/wp-json\/wp\/v2\/comments?post=3352"}],"version-history":[{"count":8,"href":"https:\/\/loopweb.org\/ca\/wp-json\/wp\/v2\/pages\/3352\/revisions"}],"predecessor-version":[{"id":3899,"href":"https:\/\/loopweb.org\/ca\/wp-json\/wp\/v2\/pages\/3352\/revisions\/3899"}],"wp:featuredmedia":[{"embeddable":true,"href":"https:\/\/loopweb.org\/ca\/wp-json\/wp\/v2\/media\/1467"}],"wp:attachment":[{"href":"https:\/\/loopweb.org\/ca\/wp-json\/wp\/v2\/media?parent=3352"}],"curies":[{"name":"wp","href":"https:\/\/api.w.org\/{rel}","templated":true}]}}